{"id":83,"date":"2023-11-29T12:23:46","date_gmt":"2023-11-29T12:23:46","guid":{"rendered":"https:\/\/grms.interratechnology.com\/astronomy-museum\/"},"modified":"2025-06-11T15:38:06","modified_gmt":"2025-06-11T13:38:06","slug":"raum-automation","status":"publish","type":"page","link":"https:\/\/interratechnology.at\/hotel\/raum-automation\/","title":{"rendered":"Raumautomation"},"content":{"rendered":"\t\t<div data-elementor-type=\"wp-page\" data-elementor-id=\"83\" class=\"elementor elementor-83\">\n\t\t\t\t<div class=\"elementor-element elementor-element-ac004ad e-flex e-con-boxed sc_layouts_column_icons_position_left e-con e-parent\" data-id=\"ac004ad\" data-element_type=\"container\">\n\t\t\t\t\t<div class=\"e-con-inner\">\n\t\t\t\t<div class=\"elementor-element elementor-element-841871f elementor-widget elementor-widget-spacer\" data-id=\"841871f\" data-element_type=\"widget\" data-widget_type=\"spacer.default\">\n\t\t\t\t\t\t\t<div class=\"elementor-spacer\">\n\t\t\t<div class=\"elementor-spacer-inner\"><\/div>\n\t\t<\/div>\n\t\t\t\t\t\t<\/div>\n\t\t\t\t<div data-animation-type=\"block\" class=\"elementor-element elementor-element-96d4ff8 elementor-invisible elementor-widget elementor-widget-heading\" data-id=\"96d4ff8\" data-element_type=\"widget\" data-settings=\"{&quot;_animation&quot;:&quot;fadeInUp&quot;}\" data-widget_type=\"heading.default\">\n\t\t\t\t\t<h2 class=\"elementor-heading-title elementor-size-default\">Raumautomation auf h\u00f6chstem Niveau<\/h2>\t\t\t\t<\/div>\n\t\t\t\t<div data-animation-type=\"block\" class=\"elementor-element elementor-element-1846450 elementor-invisible elementor-widget elementor-widget-heading\" data-id=\"1846450\" data-element_type=\"widget\" data-settings=\"{&quot;_animation&quot;:&quot;fadeInUp&quot;}\" data-widget_type=\"heading.default\">\n\t\t\t\t\t<h2 class=\"elementor-heading-title elementor-size-default\">Personalisierter Komfort und effiziente Steuerung<\/h2>\t\t\t\t<\/div>\n\t\t\t\t<div class=\"elementor-element elementor-element-a534e48 elementor-widget elementor-widget-spacer\" data-id=\"a534e48\" data-element_type=\"widget\" data-widget_type=\"spacer.default\">\n\t\t\t\t\t\t\t<div class=\"elementor-spacer\">\n\t\t\t<div class=\"elementor-spacer-inner\"><\/div>\n\t\t<\/div>\n\t\t\t\t\t\t<\/div>\n\t\t\t\t<div data-animation-type=\"block\" class=\"elementor-element elementor-element-685c7ef animated-slow elementor-invisible elementor-widget elementor-widget-text-editor\" data-id=\"685c7ef\" data-element_type=\"widget\" data-settings=\"{&quot;_animation&quot;:&quot;fadeInUp&quot;}\" data-widget_type=\"text-editor.default\">\n\t\t\t\t\t\t\t\t\tUnsere Rauml\u00f6sungen bieten jedem Gast ein personalisiertes Erlebnis, das Komfort und Technologie vereint, um einen erstklassigen Aufenthalt zu gew\u00e4hrleisten. Mit Funktionen wie Licht-, Klima- und Vorhangsteuerung k\u00f6nnen G\u00e4ste ihren Komfort ganz nach Wunsch m\u00fchelos anpassen.\t\t\t\t\t\t\t\t<\/div>\n\t\t\t\t<div class=\"elementor-element elementor-element-047ad6a elementor-widget elementor-widget-spacer\" data-id=\"047ad6a\" data-element_type=\"widget\" data-widget_type=\"spacer.default\">\n\t\t\t\t\t\t\t<div class=\"elementor-spacer\">\n\t\t\t<div class=\"elementor-spacer-inner\"><\/div>\n\t\t<\/div>\n\t\t\t\t\t\t<\/div>\n\t\t\t\t\t<\/div>\n\t\t\t\t<\/div>\n\t\t<div class=\"elementor-element elementor-element-9f1e232 sc_layouts_hide_on_wide sc_layouts_hide_on_desktop sc_layouts_hide_on_notebook sc_layouts_hide_on_tablet e-flex e-con-boxed sc_layouts_column_icons_position_left e-con e-parent\" data-id=\"9f1e232\" data-element_type=\"container\" data-settings=\"{&quot;animation_mobile&quot;:&quot;fadeInUp&quot;}\">\n\t\t\t\t\t<div class=\"e-con-inner\">\n\t\t\t\t<div class=\"elementor-element elementor-element-9b6b48d elementor-widget elementor-widget-image\" data-id=\"9b6b48d\" data-element_type=\"widget\" data-widget_type=\"image.default\">\n\t\t\t\t\t\t\t\t\t\t\t\t\t\t\t<img fetchpriority=\"high\" decoding=\"async\" width=\"1024\" height=\"683\" src=\"https:\/\/interratechnology.at\/hotel\/wp-content\/uploads\/2025\/02\/room-control-FOTO2-1024x683.png\" class=\"attachment-large size-large wp-image-1776\" alt=\"\" srcset=\"https:\/\/interratechnology.at\/hotel\/wp-content\/uploads\/2025\/02\/room-control-FOTO2-1024x683.png 1024w, https:\/\/interratechnology.at\/hotel\/wp-content\/uploads\/2025\/02\/room-control-FOTO2-730x487.png 730w, https:\/\/interratechnology.at\/hotel\/wp-content\/uploads\/2025\/02\/room-control-FOTO2-300x200.png 300w, https:\/\/interratechnology.at\/hotel\/wp-content\/uploads\/2025\/02\/room-control-FOTO2-768x512.png 768w, https:\/\/interratechnology.at\/hotel\/wp-content\/uploads\/2025\/02\/room-control-FOTO2-1536x1024.png 1536w, https:\/\/interratechnology.at\/hotel\/wp-content\/uploads\/2025\/02\/room-control-FOTO2-2048x1365.png 2048w, https:\/\/interratechnology.at\/hotel\/wp-content\/uploads\/2025\/02\/room-control-FOTO2-370x247.png 370w, https:\/\/interratechnology.at\/hotel\/wp-content\/uploads\/2025\/02\/room-control-FOTO2-840x560.png 840w, https:\/\/interratechnology.at\/hotel\/wp-content\/uploads\/2025\/02\/room-control-FOTO2-410x273.png 410w\" sizes=\"(max-width: 1024px) 100vw, 1024px\" \/>\t\t\t\t\t\t\t\t\t\t\t\t\t\t\t<\/div>\n\t\t\t\t\t<\/div>\n\t\t\t\t<\/div>\n\t\t<div class=\"elementor-element elementor-element-b1a6cb4 sc_layouts_hide_on_mobile e-flex e-con-boxed sc_layouts_column_icons_position_left e-con e-parent\" data-id=\"b1a6cb4\" data-element_type=\"container\">\n\t\t\t\t\t<div class=\"e-con-inner\">\n\t\t\t\t<div class=\"elementor-element elementor-element-387b36e elementor-widget elementor-widget-image\" data-id=\"387b36e\" data-element_type=\"widget\" data-widget_type=\"image.default\">\n\t\t\t\t\t\t\t\t\t\t\t\t\t\t\t<img decoding=\"async\" width=\"3000\" height=\"2000\" src=\"https:\/\/interratechnology.at\/hotel\/wp-content\/uploads\/2025\/02\/newroomsolutions.png\" class=\"attachment-full size-full wp-image-1801\" alt=\"\" srcset=\"https:\/\/interratechnology.at\/hotel\/wp-content\/uploads\/2025\/02\/newroomsolutions.png 3000w, https:\/\/interratechnology.at\/hotel\/wp-content\/uploads\/2025\/02\/newroomsolutions-730x487.png 730w, https:\/\/interratechnology.at\/hotel\/wp-content\/uploads\/2025\/02\/newroomsolutions-300x200.png 300w, https:\/\/interratechnology.at\/hotel\/wp-content\/uploads\/2025\/02\/newroomsolutions-1024x683.png 1024w, https:\/\/interratechnology.at\/hotel\/wp-content\/uploads\/2025\/02\/newroomsolutions-768x512.png 768w, https:\/\/interratechnology.at\/hotel\/wp-content\/uploads\/2025\/02\/newroomsolutions-1536x1024.png 1536w, https:\/\/interratechnology.at\/hotel\/wp-content\/uploads\/2025\/02\/newroomsolutions-2048x1365.png 2048w, https:\/\/interratechnology.at\/hotel\/wp-content\/uploads\/2025\/02\/newroomsolutions-370x247.png 370w, https:\/\/interratechnology.at\/hotel\/wp-content\/uploads\/2025\/02\/newroomsolutions-840x560.png 840w, https:\/\/interratechnology.at\/hotel\/wp-content\/uploads\/2025\/02\/newroomsolutions-410x273.png 410w\" sizes=\"(max-width: 3000px) 100vw, 3000px\" \/>\t\t\t\t\t\t\t\t\t\t\t\t\t\t\t<\/div>\n\t\t\t\t<div class=\"elementor-element elementor-element-8a8f2e1 elementor-widget elementor-widget-spacer\" data-id=\"8a8f2e1\" data-element_type=\"widget\" data-widget_type=\"spacer.default\">\n\t\t\t\t\t\t\t<div class=\"elementor-spacer\">\n\t\t\t<div class=\"elementor-spacer-inner\"><\/div>\n\t\t<\/div>\n\t\t\t\t\t\t<\/div>\n\t\t\t\t\t<\/div>\n\t\t\t\t<\/div>\n\t\t\t\t<section data-animation-type=\"block\" class=\"elementor-section elementor-top-section elementor-element elementor-element-6bdd1e91 elementor-section-boxed elementor-section-height-default elementor-section-height-default animation_type_block sc_fly_static elementor-invisible\" data-id=\"6bdd1e91\" data-element_type=\"section\" data-settings=\"{&quot;animation&quot;:&quot;plastica-fadein&quot;}\">\n\t\t\t\t\t\t<div class=\"elementor-container elementor-column-gap-extended\">\n\t\t\t\t\t<div class=\"elementor-column elementor-col-50 elementor-top-column elementor-element elementor-element-22c6ed81 sc_content_align_inherit sc_layouts_column_icons_position_left sc_fly_static\" data-id=\"22c6ed81\" data-element_type=\"column\">\n\t\t\t<div class=\"elementor-widget-wrap elementor-element-populated\">\n\t\t\t\t\t\t<div class=\"elementor-element elementor-element-46a1e82 elementor-widget elementor-widget-text-editor\" data-id=\"46a1e82\" data-element_type=\"widget\" data-widget_type=\"text-editor.default\">\n\t\t\t\t\t\t\t\t\t<h3><strong>iX Series: Ultimative Steuerung f\u00fcr intelligente Zimmer<\/strong><\/h3>\n<p>Die Interra iX Series ist eine hochwertige Kollektion von Touchpanels, speziell entwickelt f\u00fcr moderne Hotelzimmer und luxuri\u00f6se Wohnbereiche. Mit einer benutzerfreundlichen Oberfl\u00e4che, erstklassigen Materialien und \u00fcberlegener Leistung bringt sie smarte Technologie nahtlos in jeden Raum.<\/p>\n\n<ul>\n  <li><strong>Elegant und Funktional<\/strong>: Ein schlankes Design, das sich perfekt in jedes Interieur einf\u00fcgt.<\/li>\n  <li><strong>Intelligente Steuerung<\/strong>: Verwaltung von Beleuchtung, Klima, Vorh\u00e4ngen\/Jalousien und Szenarien \u00fcber eine einzige Oberfl\u00e4che.<\/li>\n  <li><strong>Nahtlose Integration<\/strong>: Voll kompatibel mit KNX-Infrastruktur und allen Hotelautomationssystemen.<\/li>\n  <li><strong>Benutzerorientiertes Erlebnis<\/strong>: Ein reaktionsschneller Touchscreen und eine intuitive Benutzeroberfl\u00e4che machen die Steuerung der Zimmerfunktionen m\u00fchelos.<\/li>\n<\/ul>\n\n<p>Mit der <strong>Interra iX Series<\/strong> erleben Ihre G\u00e4ste <strong>Komfort und Technik in perfekter Harmonie!<\/strong><\/p>\n\t\t\t\t\t\t\t\t<\/div>\n\t\t\t\t<div class=\"elementor-element elementor-element-4c3cd69 sc_fly_static elementor-widget elementor-widget-trx_sc_button\" data-id=\"4c3cd69\" data-element_type=\"widget\" data-widget_type=\"trx_sc_button.default\">\n\t\t\t\t<div class=\"elementor-widget-container\">\n\t\t\t\t\t<div\tclass=\"sc_item_button sc_button_wrap\" ><a href=\"https:\/\/grms.interratechnology.com\/portfolio\/knx-keyped\/\" class=\"sc_button sc_button_default sc_button_size_normal sc_button_icon_left\" ><span class=\"sc_button_text\"><span class=\"sc_button_title\">Erkunden Sie die iX Series<\/span><\/span><\/a><\/div>\t\t\t\t<\/div>\n\t\t\t\t<\/div>\n\t\t\t\t\t<\/div>\n\t\t<\/div>\n\t\t\t\t<div class=\"elementor-column elementor-col-50 elementor-top-column elementor-element elementor-element-687d6d60 sc_content_align_inherit sc_layouts_column_icons_position_left sc_fly_static\" data-id=\"687d6d60\" data-element_type=\"column\">\n\t\t\t<div class=\"elementor-widget-wrap elementor-element-populated\">\n\t\t\t\t\t\t<div class=\"elementor-element elementor-element-72e0cfc elementor-widget__width-initial elementor-widget elementor-widget-image\" data-id=\"72e0cfc\" data-element_type=\"widget\" data-widget_type=\"image.default\">\n\t\t\t\t\t\t\t\t\t\t\t\t\t\t\t\t<a href=\"https:\/\/grms.interratechnology.com\/portfolio\/knx-keyped\/\">\n\t\t\t\t\t\t\t<img decoding=\"async\" width=\"730\" height=\"1024\" src=\"https:\/\/interratechnology.at\/hotel\/wp-content\/uploads\/2025\/03\/ix_series-01-730x1024-1.png\" class=\"attachment-large size-large wp-image-11298\" alt=\"\" srcset=\"https:\/\/interratechnology.at\/hotel\/wp-content\/uploads\/2025\/03\/ix_series-01-730x1024-1.png 730w, https:\/\/interratechnology.at\/hotel\/wp-content\/uploads\/2025\/03\/ix_series-01-730x1024-1-214x300.png 214w, https:\/\/interratechnology.at\/hotel\/wp-content\/uploads\/2025\/03\/ix_series-01-730x1024-1-370x519.png 370w, https:\/\/interratechnology.at\/hotel\/wp-content\/uploads\/2025\/03\/ix_series-01-730x1024-1-410x575.png 410w\" sizes=\"(max-width: 730px) 100vw, 730px\" \/>\t\t\t\t\t\t\t\t<\/a>\n\t\t\t\t\t\t\t\t\t\t\t\t\t\t\t<\/div>\n\t\t\t\t\t<\/div>\n\t\t<\/div>\n\t\t\t\t\t<\/div>\n\t\t<\/section>\n\t\t<div class=\"elementor-element elementor-element-d4d4b2a e-flex e-con-boxed sc_layouts_column_icons_position_left e-con e-parent\" data-id=\"d4d4b2a\" data-element_type=\"container\">\n\t\t\t\t\t<div class=\"e-con-inner\">\n\t\t\t\t<div class=\"elementor-element elementor-element-0e715ef elementor-widget elementor-widget-spacer\" data-id=\"0e715ef\" data-element_type=\"widget\" data-widget_type=\"spacer.default\">\n\t\t\t\t\t\t\t<div class=\"elementor-spacer\">\n\t\t\t<div class=\"elementor-spacer-inner\"><\/div>\n\t\t<\/div>\n\t\t\t\t\t\t<\/div>\n\t\t\t\t\t<\/div>\n\t\t\t\t<\/div>\n\t\t\t\t<section data-animation-type=\"block\" class=\"elementor-section elementor-top-section elementor-element elementor-element-eb618e6 elementor-section-boxed elementor-section-height-default elementor-section-height-default animation_type_block sc_fly_static elementor-invisible\" data-id=\"eb618e6\" data-element_type=\"section\" data-settings=\"{&quot;animation&quot;:&quot;plastica-fadein&quot;}\">\n\t\t\t\t\t\t<div class=\"elementor-container elementor-column-gap-extended\">\n\t\t\t\t\t<div class=\"elementor-column elementor-col-50 elementor-top-column elementor-element elementor-element-19614e8 sc_content_align_inherit sc_layouts_column_icons_position_left sc_fly_static\" data-id=\"19614e8\" data-element_type=\"column\">\n\t\t\t<div class=\"elementor-widget-wrap elementor-element-populated\">\n\t\t\t\t\t\t<div class=\"elementor-element elementor-element-1d510a7 sc_fly_static elementor-widget elementor-widget-trx_sc_title\" data-id=\"1d510a7\" data-element_type=\"widget\" data-widget_type=\"trx_sc_title.default\">\n\t\t\t\t<div class=\"elementor-widget-container\">\n\t\t\t\t\t<div\t\tclass=\"sc_title sc_title_default\" ><span class=\"sc_item_subtitle sc_title_subtitle sc_item_subtitle_above sc_item_title_style_default\">\u0131nterra grms<\/span><h2 class=\"sc_item_title sc_title_title sc_item_title_style_default sc_item_title_tag\"\n\t\t\t><span class=\"sc_item_title_text\">Raumsteuerungsl\u00f6sungen<\/span><\/h2><\/div>\t\t\t\t<\/div>\n\t\t\t\t<\/div>\n\t\t\t\t<div class=\"elementor-element elementor-element-e4a71b5 elementor-widget elementor-widget-spacer\" data-id=\"e4a71b5\" data-element_type=\"widget\" data-widget_type=\"spacer.default\">\n\t\t\t\t\t\t\t<div class=\"elementor-spacer\">\n\t\t\t<div class=\"elementor-spacer-inner\"><\/div>\n\t\t<\/div>\n\t\t\t\t\t\t<\/div>\n\t\t\t\t<div class=\"elementor-element elementor-element-4edb476 elementor-widget elementor-widget-image\" data-id=\"4edb476\" data-element_type=\"widget\" data-widget_type=\"image.default\">\n\t\t\t\t\t\t\t\t\t\t\t\t\t\t\t<img loading=\"lazy\" decoding=\"async\" width=\"1024\" height=\"683\" src=\"https:\/\/interratechnology.at\/hotel\/wp-content\/uploads\/2025\/02\/3d-rendering-black-luxury-modern-bedroom-suite-in-2025-01-08-14-30-14-utc-1-1024x683.jpg\" class=\"attachment-large size-large wp-image-1833\" alt=\"\" srcset=\"https:\/\/interratechnology.at\/hotel\/wp-content\/uploads\/2025\/02\/3d-rendering-black-luxury-modern-bedroom-suite-in-2025-01-08-14-30-14-utc-1-1024x683.jpg 1024w, https:\/\/interratechnology.at\/hotel\/wp-content\/uploads\/2025\/02\/3d-rendering-black-luxury-modern-bedroom-suite-in-2025-01-08-14-30-14-utc-1-scaled-730x487.jpg 730w, https:\/\/interratechnology.at\/hotel\/wp-content\/uploads\/2025\/02\/3d-rendering-black-luxury-modern-bedroom-suite-in-2025-01-08-14-30-14-utc-1-300x200.jpg 300w, https:\/\/interratechnology.at\/hotel\/wp-content\/uploads\/2025\/02\/3d-rendering-black-luxury-modern-bedroom-suite-in-2025-01-08-14-30-14-utc-1-768x512.jpg 768w, https:\/\/interratechnology.at\/hotel\/wp-content\/uploads\/2025\/02\/3d-rendering-black-luxury-modern-bedroom-suite-in-2025-01-08-14-30-14-utc-1-1536x1024.jpg 1536w, https:\/\/interratechnology.at\/hotel\/wp-content\/uploads\/2025\/02\/3d-rendering-black-luxury-modern-bedroom-suite-in-2025-01-08-14-30-14-utc-1-2048x1365.jpg 2048w, https:\/\/interratechnology.at\/hotel\/wp-content\/uploads\/2025\/02\/3d-rendering-black-luxury-modern-bedroom-suite-in-2025-01-08-14-30-14-utc-1-370x247.jpg 370w, https:\/\/interratechnology.at\/hotel\/wp-content\/uploads\/2025\/02\/3d-rendering-black-luxury-modern-bedroom-suite-in-2025-01-08-14-30-14-utc-1-840x560.jpg 840w, https:\/\/interratechnology.at\/hotel\/wp-content\/uploads\/2025\/02\/3d-rendering-black-luxury-modern-bedroom-suite-in-2025-01-08-14-30-14-utc-1-410x273.jpg 410w\" sizes=\"(max-width: 1024px) 100vw, 1024px\" \/>\t\t\t\t\t\t\t\t\t\t\t\t\t\t\t<\/div>\n\t\t\t\t\t<\/div>\n\t\t<\/div>\n\t\t\t\t<div class=\"elementor-column elementor-col-50 elementor-top-column elementor-element elementor-element-9d6f786 sc_content_align_inherit sc_layouts_column_icons_position_left sc_fly_static\" data-id=\"9d6f786\" data-element_type=\"column\">\n\t\t\t<div class=\"elementor-widget-wrap elementor-element-populated\">\n\t\t\t\t\t\t<div class=\"elementor-element elementor-element-77199d4 elementor-widget elementor-widget-spacer\" data-id=\"77199d4\" data-element_type=\"widget\" data-widget_type=\"spacer.default\">\n\t\t\t\t\t\t\t<div class=\"elementor-spacer\">\n\t\t\t<div class=\"elementor-spacer-inner\"><\/div>\n\t\t<\/div>\n\t\t\t\t\t\t<\/div>\n\t\t\t\t<div class=\"elementor-element elementor-element-668a991 elementor-widget__width-initial elementor-widget elementor-widget-text-editor\" data-id=\"668a991\" data-element_type=\"widget\" data-widget_type=\"text-editor.default\">\n\t\t\t\t\t\t\t\t\t<p class=\"p3\"><span class=\"s1\">Jedes Hotelzimmer ist ein <\/span><b>eigenst\u00e4ndiges Automationszentrum<\/b><span class=\"s1\">, das <\/span><b>maximalen G\u00e4stekomfort und Energieeinsparungen<\/b><span class=\"s1\"> gew\u00e4hrleistet.<\/span><\/p> <ul> <li><strong>Intelligente Lichtsteuerung<\/strong> \u2013 Automatische Helligkeitsanpassung und Szenenauswahl.<\/li> <li><strong>Klima- und L\u00fcftungsmanagement<\/strong> \u2013 Pr\u00e4senzbasierte Regelung f\u00fcr Energieeffizienz.<\/li> <li><strong>Automatisierung von Vorh\u00e4ngen und Sonnenschutz<\/strong> \u2013 Intelligente Anpassung nach Zeit und Sonnenlicht.<\/li> <li><strong>Zugang und Sicherheitsintegration<\/strong> \u2013 Schl\u00fcsselkarte, virtuelle Kartenhalter und T\u00fcr\u00fcberwachung.<\/li> <li><strong>Intuitive Touchpanels und mobile Steuerung<\/strong> \u2013 Benutzerfreundliche Schnittstellen f\u00fcr die G\u00e4steinteraktion.<\/li> <\/ul> <p>Steigert die G\u00e4stezufriedenheit und reduziert gleichzeitig den Energieverbrauch.<\/p>\n\n\n\n\n\n\n\n\t\t\t\t\t\t\t\t<\/div>\n\t\t\t\t\t<\/div>\n\t\t<\/div>\n\t\t\t\t\t<\/div>\n\t\t<\/section>\n\t\t<div class=\"elementor-element elementor-element-05892f0 e-flex e-con-boxed sc_layouts_column_icons_position_left e-con e-parent\" data-id=\"05892f0\" data-element_type=\"container\">\n\t\t\t\t\t<div class=\"e-con-inner\">\n\t\t\t\t<div class=\"elementor-element elementor-element-e6ab6ca elementor-widget elementor-widget-image\" data-id=\"e6ab6ca\" data-element_type=\"widget\" data-widget_type=\"image.default\">\n\t\t\t\t\t\t\t\t\t\t\t\t\t\t\t<img loading=\"lazy\" decoding=\"async\" width=\"5076\" height=\"4348\" src=\"https:\/\/interratechnology.at\/hotel\/wp-content\/uploads\/2025\/02\/HOTEL-Plakart_ENG_24.12.24-10.png\" class=\"attachment-full size-full wp-image-1842\" alt=\"\" srcset=\"https:\/\/interratechnology.at\/hotel\/wp-content\/uploads\/2025\/02\/HOTEL-Plakart_ENG_24.12.24-10.png 5076w, https:\/\/interratechnology.at\/hotel\/wp-content\/uploads\/2025\/02\/HOTEL-Plakart_ENG_24.12.24-10-730x625.png 730w, https:\/\/interratechnology.at\/hotel\/wp-content\/uploads\/2025\/02\/HOTEL-Plakart_ENG_24.12.24-10-300x257.png 300w, https:\/\/interratechnology.at\/hotel\/wp-content\/uploads\/2025\/02\/HOTEL-Plakart_ENG_24.12.24-10-1024x877.png 1024w, https:\/\/interratechnology.at\/hotel\/wp-content\/uploads\/2025\/02\/HOTEL-Plakart_ENG_24.12.24-10-768x658.png 768w, https:\/\/interratechnology.at\/hotel\/wp-content\/uploads\/2025\/02\/HOTEL-Plakart_ENG_24.12.24-10-1536x1316.png 1536w, https:\/\/interratechnology.at\/hotel\/wp-content\/uploads\/2025\/02\/HOTEL-Plakart_ENG_24.12.24-10-2048x1754.png 2048w, https:\/\/interratechnology.at\/hotel\/wp-content\/uploads\/2025\/02\/HOTEL-Plakart_ENG_24.12.24-10-370x317.png 370w, https:\/\/interratechnology.at\/hotel\/wp-content\/uploads\/2025\/02\/HOTEL-Plakart_ENG_24.12.24-10-840x720.png 840w, https:\/\/interratechnology.at\/hotel\/wp-content\/uploads\/2025\/02\/HOTEL-Plakart_ENG_24.12.24-10-410x351.png 410w\" sizes=\"(max-width: 5076px) 100vw, 5076px\" \/>\t\t\t\t\t\t\t\t\t\t\t\t\t\t\t<\/div>\n\t\t\t\t\t<\/div>\n\t\t\t\t<\/div>\n\t\t<div class=\"elementor-element elementor-element-4ac11d4 e-flex e-con-boxed sc_layouts_column_icons_position_left e-con e-parent\" data-id=\"4ac11d4\" data-element_type=\"container\">\n\t\t\t\t\t<div class=\"e-con-inner\">\n\t\t\t\t<div class=\"elementor-element elementor-element-4bff79c elementor-widget elementor-widget-image\" data-id=\"4bff79c\" data-element_type=\"widget\" data-widget_type=\"image.default\">\n\t\t\t\t\t\t\t\t\t\t\t\t\t\t\t<img loading=\"lazy\" decoding=\"async\" width=\"5086\" height=\"2361\" src=\"https:\/\/interratechnology.at\/hotel\/wp-content\/uploads\/2025\/02\/HOTEL-Plakart_ENG_24.12.24-11.png\" class=\"attachment-full size-full wp-image-1846\" alt=\"\" srcset=\"https:\/\/interratechnology.at\/hotel\/wp-content\/uploads\/2025\/02\/HOTEL-Plakart_ENG_24.12.24-11.png 5086w, https:\/\/interratechnology.at\/hotel\/wp-content\/uploads\/2025\/02\/HOTEL-Plakart_ENG_24.12.24-11-730x339.png 730w, https:\/\/interratechnology.at\/hotel\/wp-content\/uploads\/2025\/02\/HOTEL-Plakart_ENG_24.12.24-11-300x139.png 300w, https:\/\/interratechnology.at\/hotel\/wp-content\/uploads\/2025\/02\/HOTEL-Plakart_ENG_24.12.24-11-1024x475.png 1024w, https:\/\/interratechnology.at\/hotel\/wp-content\/uploads\/2025\/02\/HOTEL-Plakart_ENG_24.12.24-11-768x357.png 768w, https:\/\/interratechnology.at\/hotel\/wp-content\/uploads\/2025\/02\/HOTEL-Plakart_ENG_24.12.24-11-1536x713.png 1536w, https:\/\/interratechnology.at\/hotel\/wp-content\/uploads\/2025\/02\/HOTEL-Plakart_ENG_24.12.24-11-2048x951.png 2048w, https:\/\/interratechnology.at\/hotel\/wp-content\/uploads\/2025\/02\/HOTEL-Plakart_ENG_24.12.24-11-370x172.png 370w, https:\/\/interratechnology.at\/hotel\/wp-content\/uploads\/2025\/02\/HOTEL-Plakart_ENG_24.12.24-11-840x390.png 840w, https:\/\/interratechnology.at\/hotel\/wp-content\/uploads\/2025\/02\/HOTEL-Plakart_ENG_24.12.24-11-410x190.png 410w\" sizes=\"(max-width: 5086px) 100vw, 5086px\" \/>\t\t\t\t\t\t\t\t\t\t\t\t\t\t\t<\/div>\n\t\t\t\t\t<\/div>\n\t\t\t\t<\/div>\n\t\t\t\t<\/div>\n\t\t","protected":false},"excerpt":{"rendered":"<p>Raumautomation auf h\u00f6chstem Niveau Personalisierter Komfort und effiziente Steuerung Unsere Rauml\u00f6sungen bieten jedem Gast ein personalisiertes Erlebnis, das Komfort und Technologie vereint, um einen erstklassigen Aufenthalt zu gew\u00e4hrleisten. Mit Funktionen&hellip;<\/p>\n","protected":false},"author":1,"featured_media":0,"parent":0,"menu_order":0,"comment_status":"closed","ping_status":"closed","template":"elementor_header_footer","meta":{"footnotes":""},"class_list":["post-83","page","type-page","status-publish","hentry"],"_links":{"self":[{"href":"https:\/\/interratechnology.at\/hotel\/wp-json\/wp\/v2\/pages\/83","targetHints":{"allow":["GET"]}}],"collection":[{"href":"https:\/\/interratechnology.at\/hotel\/wp-json\/wp\/v2\/pages"}],"about":[{"href":"https:\/\/interratechnology.at\/hotel\/wp-json\/wp\/v2\/types\/page"}],"author":[{"embeddable":true,"href":"https:\/\/interratechnology.at\/hotel\/wp-json\/wp\/v2\/users\/1"}],"replies":[{"embeddable":true,"href":"https:\/\/interratechnology.at\/hotel\/wp-json\/wp\/v2\/comments?post=83"}],"version-history":[{"count":4,"href":"https:\/\/interratechnology.at\/hotel\/wp-json\/wp\/v2\/pages\/83\/revisions"}],"predecessor-version":[{"id":11629,"href":"https:\/\/interratechnology.at\/hotel\/wp-json\/wp\/v2\/pages\/83\/revisions\/11629"}],"wp:attachment":[{"href":"https:\/\/interratechnology.at\/hotel\/wp-json\/wp\/v2\/media?parent=83"}],"curies":[{"name":"wp","href":"https:\/\/api.w.org\/{rel}","templated":true}]}}