{"id":2513,"date":"2025-02-20T13:29:33","date_gmt":"2025-02-20T10:29:33","guid":{"rendered":"https:\/\/grms.interratechnology.com\/?page_id=2513"},"modified":"2025-06-11T09:53:22","modified_gmt":"2025-06-11T07:53:22","slug":"grms-smart-hotel-solutions","status":"publish","type":"page","link":"https:\/\/interratechnology.at\/hotel\/grms-smart-hotel-solutions\/","title":{"rendered":"GRMS &#8211; Smart Hotel Solutions"},"content":{"rendered":"\t\t<div data-elementor-type=\"wp-page\" data-elementor-id=\"2513\" class=\"elementor elementor-2513\">\n\t\t\t\t<div class=\"elementor-element elementor-element-28b2beda e-flex e-con-boxed sc_layouts_column_icons_position_left e-con e-parent\" data-id=\"28b2beda\" data-element_type=\"container\" data-settings=\"{&quot;background_background&quot;:&quot;classic&quot;}\">\n\t\t\t\t\t<div class=\"e-con-inner\">\n\t\t<div class=\"elementor-element elementor-element-15a6d430 e-grid e-con-full sc_layouts_column_icons_position_left e-con e-child\" data-id=\"15a6d430\" data-element_type=\"container\">\n\t\t\t\t<div data-animation-type=\"block\" class=\"elementor-element elementor-element-195a9c30 elementor-invisible elementor-widget elementor-widget-heading\" data-id=\"195a9c30\" data-element_type=\"widget\" data-settings=\"{&quot;_animation&quot;:&quot;fadeInDown&quot;}\" data-widget_type=\"heading.default\">\n\t\t\t\t\t<h2 class=\"elementor-heading-title elementor-size-default\">GRMS \u2013 Intelligente Systeme f\u00fcr moderne Hotels<\/h2>\t\t\t\t<\/div>\n\t\t\t\t<div data-animation-type=\"block\" class=\"elementor-element elementor-element-61d59b89 elementor-invisible elementor-widget elementor-widget-heading\" data-id=\"61d59b89\" data-element_type=\"widget\" data-settings=\"{&quot;_animation&quot;:&quot;fadeInDown&quot;}\" data-widget_type=\"heading.default\">\n\t\t\t\t\t<h2 class=\"elementor-heading-title elementor-size-default\">Ein neues Ma\u00df an G\u00e4stezufriedenheit<\/h2>\t\t\t\t<\/div>\n\t\t\t\t<\/div>\n\t\t\t\t\t<\/div>\n\t\t\t\t<\/div>\n\t\t<div data-animation-type=\"block\" class=\"elementor-element elementor-element-5fb695e2 e-flex e-con-boxed sc_layouts_column_icons_position_left e-con e-parent\" data-id=\"5fb695e2\" data-element_type=\"container\" data-settings=\"{&quot;animation&quot;:&quot;none&quot;}\">\n\t\t\t\t\t<div class=\"e-con-inner\">\n\t\t\t\t<div data-animation-type=\"block\" class=\"elementor-element elementor-element-f67867a elementor-invisible elementor-widget elementor-widget-text-editor\" data-id=\"f67867a\" data-element_type=\"widget\" data-settings=\"{&quot;_animation&quot;:&quot;fadeInUp&quot;}\" data-widget_type=\"text-editor.default\">\n\t\t\t\t\t\t\t\t\t<p class=\"p4\">Interras <span class=\"s1\"><b>Guest Room Management System (GRMS)<\/b><\/span> vereint Komfort, Energieeffizienz und operative Exzellenz, um das G\u00e4steerlebnis auf ein neues Niveau zu heben. Steigern Sie die Servicequalit\u00e4t Ihres Hotels und optimieren Sie gleichzeitig die Betriebskosten.<\/p>\n\t\t\t\t\t\t\t\t<\/div>\n\t\t\t\t<div data-animation-type=\"block\" class=\"elementor-element elementor-element-6a750fb elementor-invisible elementor-widget elementor-widget-heading\" data-id=\"6a750fb\" data-element_type=\"widget\" data-settings=\"{&quot;_animation&quot;:&quot;fadeInUp&quot;}\" data-widget_type=\"heading.default\">\n\t\t\t\t\t<h2 class=\"elementor-heading-title elementor-size-default\">Intelligentes Hotelmanagement mit GRMS\n<\/h2>\t\t\t\t<\/div>\n\t\t\t\t<div data-animation-type=\"block\" class=\"elementor-element elementor-element-224ce67 elementor-invisible elementor-widget elementor-widget-text-editor\" data-id=\"224ce67\" data-element_type=\"widget\" data-settings=\"{&quot;_animation&quot;:&quot;fadeInUp&quot;}\" data-widget_type=\"text-editor.default\">\n\t\t\t\t\t\t\t\t\t<p class=\"p3\">Interra GRMS verwandelt das Management von Hotelzimmern in ein intelligentes System, das den G\u00e4stekomfort erh\u00f6ht und den Energieverbrauch reduziert. \u00dcber eine zentrale Plattform lassen sich <span class=\"s1\"><b>HLK, Beleuchtung, Vorh\u00e4nge\/Jalousien und Serviceanforderungen<\/b><\/span> nahtlos steuern.<\/p>\n\n<ul>\n  <li><strong>Energieeffizienz<\/strong> \u2013 Optimierter Energieverbrauch durch automatisierte Raumsteuerung.<\/li>\n  <li><strong>Zentrale Steuerung<\/strong> \u2013 Verwaltung aller Zimmer \u00fcber eine einzige Plattform.<\/li>\n  <li><strong>G\u00e4stekomfort<\/strong> \u2013 Personalisierte Steuerung f\u00fcr ein individuelles Aufenthaltserlebnis.<\/li>\n  <li><strong>Flexible &#038; skalierbare L\u00f6sungen<\/strong> \u2013 100\u202f% kompatibel mit KNX-Systemen, modular und anpassbar.<\/li>\n<\/ul>\n\t\t\t\t\t\t\t\t<\/div>\n\t\t\t\t<div class=\"elementor-element elementor-element-18a63b80 elementor-widget elementor-widget-spacer\" data-id=\"18a63b80\" data-element_type=\"widget\" data-widget_type=\"spacer.default\">\n\t\t\t\t\t\t\t<div class=\"elementor-spacer\">\n\t\t\t<div class=\"elementor-spacer-inner\"><\/div>\n\t\t<\/div>\n\t\t\t\t\t\t<\/div>\n\t\t\t\t<div data-animation-type=\"block\" class=\"elementor-element elementor-element-1693441 elementor-invisible elementor-widget elementor-widget-heading\" data-id=\"1693441\" data-element_type=\"widget\" data-settings=\"{&quot;_animation&quot;:&quot;fadeInUp&quot;}\" data-widget_type=\"heading.default\">\n\t\t\t\t\t<h2 class=\"elementor-heading-title elementor-size-default\">Vorteile von GRMS f\u00fcr Ihr Hotel\n\n<\/h2>\t\t\t\t<\/div>\n\t\t\t\t<div data-animation-type=\"block\" class=\"elementor-element elementor-element-3c60aac elementor-invisible elementor-widget elementor-widget-text-editor\" data-id=\"3c60aac\" data-element_type=\"widget\" data-settings=\"{&quot;_animation&quot;:&quot;fadeInUp&quot;}\" data-widget_type=\"text-editor.default\">\n\t\t\t\t\t\t\t\t\t<ul>\n  <li><strong>H\u00f6here G\u00e4stezufriedenheit<\/strong> \u2013 Bieten Sie einen personalisierten Aufenthalt und f\u00f6rdern Sie die Kundenbindung.<\/li>\n  <li><strong>Betriebliche Effizienz<\/strong> \u2013 Verringern Sie die Arbeitsbelastung des Personals und sorgen Sie f\u00fcr ein reibungsloses Management.<\/li>\n  <li><strong>Sicherheit &#038; Kontrolle<\/strong> \u2013 Integrierte Schl\u00fcsselkartensysteme und intelligentes Zugriffsmanagement f\u00fcr maximale Sicherheit.<\/li>\n  <li><strong>Individuell anpassbare Raumszenarien<\/strong> \u2013 Verwalten Sie Raumzust\u00e4nde wie \u201eWillkommensmodus\u201c, \u201eBitte nicht st\u00f6ren\u201c oder \u201eHousekeeping anfordern\u201c mit Leichtigkeit.<\/li>\n<\/ul>\n\t\t\t\t\t\t\t\t<\/div>\n\t\t\t\t<div class=\"elementor-element elementor-element-541ed1d elementor-widget elementor-widget-spacer\" data-id=\"541ed1d\" data-element_type=\"widget\" data-widget_type=\"spacer.default\">\n\t\t\t\t\t\t\t<div class=\"elementor-spacer\">\n\t\t\t<div class=\"elementor-spacer-inner\"><\/div>\n\t\t<\/div>\n\t\t\t\t\t\t<\/div>\n\t\t\t\t\t<\/div>\n\t\t\t\t<\/div>\n\t\t\t\t<section class=\"elementor-section elementor-top-section elementor-element elementor-element-5310cc4e elementor-section-boxed elementor-section-height-default elementor-section-height-default sc_fly_static\" data-id=\"5310cc4e\" data-element_type=\"section\" data-settings=\"{&quot;background_background&quot;:&quot;classic&quot;}\">\n\t\t\t\t\t\t<div class=\"elementor-container elementor-column-gap-extended\">\n\t\t\t\t\t<div class=\"elementor-column elementor-col-100 elementor-top-column elementor-element elementor-element-52c0d1da sc_layouts_column_align_center sc_layouts_column sc_content_align_inherit sc_layouts_column_icons_position_left sc_fly_static\" data-id=\"52c0d1da\" data-element_type=\"column\">\n\t\t\t<div class=\"elementor-widget-wrap elementor-element-populated\">\n\t\t\t\t\t\t<div class=\"elementor-element elementor-element-3a539ac5 elementor-widget__width-initial sc_fly_static elementor-widget elementor-widget-trx_sc_title\" data-id=\"3a539ac5\" data-element_type=\"widget\" data-widget_type=\"trx_sc_title.default\">\n\t\t\t\t<div class=\"elementor-widget-container\">\n\t\t\t\t\t<div\t\tclass=\"sc_title sc_title_default\" ><span class=\"sc_item_subtitle sc_title_subtitle sc_item_subtitle_above sc_item_title_style_default sc_item_subtitle_with_custom_color trx_addons_inline_1172699610\">Was wir Ihnen bieten<\/span><h2 class=\"sc_item_title sc_title_title sc_item_title_style_default trx_addons_inline_269963231 sc_typed\"\n\t\t\t><span class=\"sc_item_title_text\">Interra GRMS bietet  <span class=\"sc_typed_entry trx_addons_inline_1532107405\" data-strings=\"[&quot;Komfort und Individualisierung&quot;,&quot;Energieeffizienz&quot;,&quot;Zentrales Management&quot;,&quot;Intelligente Szenarien&quot;,&quot;Integrationsunterst\\u00fctzung&quot;,&quot;Sicherheit und Zugangskontrolle&quot;,&quot;Automatisierter Check-in und Check-out&quot;]\" data-loop=\"1\" data-cursor=\"0\" data-cursor-char=\"_\" data-speed=\"6\" data-delay=\"2\">Komfort und Individualisierung<\/span><\/span><\/h2><\/div>\t\t\t\t<\/div>\n\t\t\t\t<\/div>\n\t\t\t\t<div class=\"elementor-element elementor-element-7f8f77f0 elementor-widget elementor-widget-spacer\" data-id=\"7f8f77f0\" data-element_type=\"widget\" data-widget_type=\"spacer.default\">\n\t\t\t\t\t\t\t<div class=\"elementor-spacer\">\n\t\t\t<div class=\"elementor-spacer-inner\"><\/div>\n\t\t<\/div>\n\t\t\t\t\t\t<\/div>\n\t\t\t\t<div class=\"elementor-element elementor-element-610e3b7b sc_height_small elementor-widget elementor-widget-spacer\" data-id=\"610e3b7b\" data-element_type=\"widget\" data-widget_type=\"spacer.default\">\n\t\t\t\t\t\t\t<div class=\"elementor-spacer\">\n\t\t\t<div class=\"elementor-spacer-inner\"><\/div>\n\t\t<\/div>\n\t\t\t\t\t\t<\/div>\n\t\t\t\t\t<\/div>\n\t\t<\/div>\n\t\t\t\t\t<\/div>\n\t\t<\/section>\n\t\t\t\t<section class=\"elementor-section elementor-top-section elementor-element elementor-element-590ba9a7 elementor-section-full_width elementor-section-height-default elementor-section-height-default sc_fly_static\" data-id=\"590ba9a7\" data-element_type=\"section\" data-settings=\"{&quot;background_background&quot;:&quot;classic&quot;}\">\n\t\t\t\t\t\t<div class=\"elementor-container elementor-column-gap-no\">\n\t\t\t\t\t<div class=\"elementor-column elementor-col-100 elementor-top-column elementor-element elementor-element-10ac4a2a sc_content_align_inherit sc_layouts_column_icons_position_left sc_fly_static\" data-id=\"10ac4a2a\" data-element_type=\"column\">\n\t\t\t<div class=\"elementor-widget-wrap elementor-element-populated\">\n\t\t\t\t\t\t<div class=\"elementor-element elementor-element-3e58c42b sc_layouts_hide_on_tablet sc_layouts_hide_on_mobile elementor-widget elementor-widget-spacer\" data-id=\"3e58c42b\" data-element_type=\"widget\" data-widget_type=\"spacer.default\">\n\t\t\t\t\t\t\t<div class=\"elementor-spacer\">\n\t\t\t<div class=\"elementor-spacer-inner\"><\/div>\n\t\t<\/div>\n\t\t\t\t\t\t<\/div>\n\t\t\t\t\t<\/div>\n\t\t<\/div>\n\t\t\t\t\t<\/div>\n\t\t<\/section>\n\t\t\t\t<section class=\"elementor-section elementor-top-section elementor-element elementor-element-1ed4027f elementor-section-full_width elementor-section-height-default elementor-section-height-default sc_fly_static\" data-id=\"1ed4027f\" data-element_type=\"section\" data-settings=\"{&quot;background_background&quot;:&quot;classic&quot;}\">\n\t\t\t\t\t\t<div class=\"elementor-container elementor-column-gap-no\">\n\t\t\t\t\t<div class=\"elementor-column elementor-col-50 elementor-top-column elementor-element elementor-element-3adf2a7d sc-mobile_inner_width_none sc_content_align_inherit sc_layouts_column_icons_position_left sc_fly_static\" data-id=\"3adf2a7d\" data-element_type=\"column\">\n\t\t\t<div class=\"elementor-widget-wrap elementor-element-populated\">\n\t\t\t\t\t\t<div class=\"elementor-element elementor-element-7cc988c2 elementor-widget elementor-widget-image\" data-id=\"7cc988c2\" data-element_type=\"widget\" data-widget_type=\"image.default\">\n\t\t\t\t\t\t\t\t\t\t\t\t\t\t\t<img fetchpriority=\"high\" decoding=\"async\" width=\"2560\" height=\"1440\" src=\"https:\/\/interratechnology.at\/hotel\/wp-content\/uploads\/2025\/01\/DSC7804-scaled.jpg\" class=\"attachment-full size-full wp-image-931\" alt=\"\" srcset=\"https:\/\/interratechnology.at\/hotel\/wp-content\/uploads\/2025\/01\/DSC7804-scaled.jpg 2560w, https:\/\/interratechnology.at\/hotel\/wp-content\/uploads\/2025\/01\/DSC7804-scaled-730x411.jpg 730w, https:\/\/interratechnology.at\/hotel\/wp-content\/uploads\/2025\/01\/DSC7804-300x169.jpg 300w, https:\/\/interratechnology.at\/hotel\/wp-content\/uploads\/2025\/01\/DSC7804-1024x576.jpg 1024w, https:\/\/interratechnology.at\/hotel\/wp-content\/uploads\/2025\/01\/DSC7804-768x432.jpg 768w, https:\/\/interratechnology.at\/hotel\/wp-content\/uploads\/2025\/01\/DSC7804-1536x864.jpg 1536w, https:\/\/interratechnology.at\/hotel\/wp-content\/uploads\/2025\/01\/DSC7804-2048x1152.jpg 2048w, https:\/\/interratechnology.at\/hotel\/wp-content\/uploads\/2025\/01\/DSC7804-370x208.jpg 370w, https:\/\/interratechnology.at\/hotel\/wp-content\/uploads\/2025\/01\/DSC7804-1290x725.jpg 1290w, https:\/\/interratechnology.at\/hotel\/wp-content\/uploads\/2025\/01\/DSC7804-840x473.jpg 840w, https:\/\/interratechnology.at\/hotel\/wp-content\/uploads\/2025\/01\/DSC7804-410x231.jpg 410w, https:\/\/interratechnology.at\/hotel\/wp-content\/uploads\/2025\/01\/DSC7804-270x152.jpg 270w\" sizes=\"(max-width: 2560px) 100vw, 2560px\" \/>\t\t\t\t\t\t\t\t\t\t\t\t\t\t\t<\/div>\n\t\t\t\t\t<\/div>\n\t\t<\/div>\n\t\t\t\t<div class=\"elementor-column elementor-col-50 elementor-top-column elementor-element elementor-element-3ed4a376 sc-tablet_inner_width_none sc_inner_width_1_2 sc_content_align_inherit sc_layouts_column_icons_position_left sc_fly_static\" data-id=\"3ed4a376\" data-element_type=\"column\">\n\t\t\t<div class=\"elementor-widget-wrap elementor-element-populated\">\n\t\t\t\t\t\t<div class=\"elementor-element elementor-element-6cc8cda sc_fly_static elementor-widget elementor-widget-trx_sc_title\" data-id=\"6cc8cda\" data-element_type=\"widget\" data-widget_type=\"trx_sc_title.default\">\n\t\t\t\t<div class=\"elementor-widget-container\">\n\t\t\t\t\t<div\t\tclass=\"sc_title sc_title_default\" ><span class=\"sc_item_subtitle sc_title_subtitle sc_item_subtitle_above sc_item_title_style_default sc_item_subtitle_with_custom_color trx_addons_inline_1749419212\">\u0131nterra grms<\/span><h1 class=\"sc_item_title sc_title_title sc_item_title_style_default sc_item_title_tag trx_addons_inline_1247468088\"\n\t\t\t><span class=\"sc_item_title_text\">Warum Interra GRMS w\u00e4hlen?<\/span><\/h1><\/div>\t\t\t\t<\/div>\n\t\t\t\t<\/div>\n\t\t\t\t<div class=\"elementor-element elementor-element-3cb3592 elementor-widget elementor-widget-spacer\" data-id=\"3cb3592\" data-element_type=\"widget\" data-widget_type=\"spacer.default\">\n\t\t\t\t\t\t\t<div class=\"elementor-spacer\">\n\t\t\t<div class=\"elementor-spacer-inner\"><\/div>\n\t\t<\/div>\n\t\t\t\t\t\t<\/div>\n\t\t\t\t<div class=\"elementor-element elementor-element-c579213 elementor-widget-divider--view-line elementor-widget elementor-widget-divider\" data-id=\"c579213\" data-element_type=\"widget\" data-widget_type=\"divider.default\">\n\t\t\t\t\t\t\t<div class=\"elementor-divider\">\n\t\t\t<span class=\"elementor-divider-separator\">\n\t\t\t\t\t\t<\/span>\n\t\t<\/div>\n\t\t\t\t\t\t<\/div>\n\t\t\t\t<div class=\"elementor-element elementor-element-281df220 bordered elementor-widget elementor-widget-accordion\" data-id=\"281df220\" data-element_type=\"widget\" data-widget_type=\"accordion.default\">\n\t\t\t\t\t\t\t<div class=\"elementor-accordion\">\n\t\t\t\t\t\t\t<div class=\"elementor-accordion-item\">\n\t\t\t\t\t<h5 id=\"elementor-tab-title-6731\" class=\"elementor-tab-title\" data-tab=\"1\" role=\"button\" aria-controls=\"elementor-tab-content-6731\" aria-expanded=\"false\">\n\t\t\t\t\t\t\t\t\t\t\t\t\t<span class=\"elementor-accordion-icon elementor-accordion-icon-right\" aria-hidden=\"true\">\n\t\t\t\t\t\t\t\t\t\t\t\t\t\t\t<span class=\"elementor-accordion-icon-closed\"><\/span>\n\t\t\t\t\t\t\t\t<span class=\"elementor-accordion-icon-opened\"><\/span>\n\t\t\t\t\t\t\t\t\t\t\t\t\t\t<\/span>\n\t\t\t\t\t\t\t\t\t\t\t\t<a class=\"elementor-accordion-title\" tabindex=\"0\">Innovative und zukunftssichere Technologie<\/a>\n\t\t\t\t\t<\/h5>\n\t\t\t\t\t<div id=\"elementor-tab-content-6731\" class=\"elementor-tab-content elementor-clearfix\" data-tab=\"1\" role=\"region\" aria-labelledby=\"elementor-tab-title-6731\"><p class=\"p3\">Interra GRMS ist mit modernster Automatisierungstechnik konzipiert und gew\u00e4hrleistet eine nahtlose Integration in zeitgem\u00e4\u00dfe Hotelsysteme f\u00fcr ein intelligenteres und vernetztes Erlebnis.<\/p>\n<\/div>\n\t\t\t\t<\/div>\n\t\t\t\t\t\t\t<div class=\"elementor-accordion-item\">\n\t\t\t\t\t<h5 id=\"elementor-tab-title-6732\" class=\"elementor-tab-title\" data-tab=\"2\" role=\"button\" aria-controls=\"elementor-tab-content-6732\" aria-expanded=\"false\">\n\t\t\t\t\t\t\t\t\t\t\t\t\t<span class=\"elementor-accordion-icon elementor-accordion-icon-right\" aria-hidden=\"true\">\n\t\t\t\t\t\t\t\t\t\t\t\t\t\t\t<span class=\"elementor-accordion-icon-closed\"><\/span>\n\t\t\t\t\t\t\t\t<span class=\"elementor-accordion-icon-opened\"><\/span>\n\t\t\t\t\t\t\t\t\t\t\t\t\t\t<\/span>\n\t\t\t\t\t\t\t\t\t\t\t\t<a class=\"elementor-accordion-title\" tabindex=\"0\">Gesteigerte Effizienz und Kosteneinsparungen<\/a>\n\t\t\t\t\t<\/h5>\n\t\t\t\t\t<div id=\"elementor-tab-content-6732\" class=\"elementor-tab-content elementor-clearfix\" data-tab=\"2\" role=\"region\" aria-labelledby=\"elementor-tab-title-6732\">Optimieren Sie den Energieverbrauch, vereinfachen Sie Abl\u00e4ufe und senken Sie Kosten durch intelligente Raumsteuerung und zentrales Management.<\/div>\n\t\t\t\t<\/div>\n\t\t\t\t\t\t\t<div class=\"elementor-accordion-item\">\n\t\t\t\t\t<h5 id=\"elementor-tab-title-6733\" class=\"elementor-tab-title\" data-tab=\"3\" role=\"button\" aria-controls=\"elementor-tab-content-6733\" aria-expanded=\"false\">\n\t\t\t\t\t\t\t\t\t\t\t\t\t<span class=\"elementor-accordion-icon elementor-accordion-icon-right\" aria-hidden=\"true\">\n\t\t\t\t\t\t\t\t\t\t\t\t\t\t\t<span class=\"elementor-accordion-icon-closed\"><\/span>\n\t\t\t\t\t\t\t\t<span class=\"elementor-accordion-icon-opened\"><\/span>\n\t\t\t\t\t\t\t\t\t\t\t\t\t\t<\/span>\n\t\t\t\t\t\t\t\t\t\t\t\t<a class=\"elementor-accordion-title\" tabindex=\"0\">Exzellente G\u00e4steerfahrung und maximale Zufriedenheit<\/a>\n\t\t\t\t\t<\/h5>\n\t\t\t\t\t<div id=\"elementor-tab-content-6733\" class=\"elementor-tab-content elementor-clearfix\" data-tab=\"3\" role=\"region\" aria-labelledby=\"elementor-tab-title-6733\">Bieten Sie personalisierten Komfort, m\u00fchelose Automatisierung und nahtlosen Service, um die Erwartungen Ihrer G\u00e4ste zu \u00fcbertreffen und die Kundenbindung zu steigern.\n<\/div>\n\t\t\t\t<\/div>\n\t\t\t\t\t\t\t\t<\/div>\n\t\t\t\t\t\t<\/div>\n\t\t\t\t<div class=\"elementor-element elementor-element-535054d1 elementor-widget-divider--view-line elementor-widget elementor-widget-divider\" data-id=\"535054d1\" data-element_type=\"widget\" data-widget_type=\"divider.default\">\n\t\t\t\t\t\t\t<div class=\"elementor-divider\">\n\t\t\t<span class=\"elementor-divider-separator\">\n\t\t\t\t\t\t<\/span>\n\t\t<\/div>\n\t\t\t\t\t\t<\/div>\n\t\t\t\t\t<\/div>\n\t\t<\/div>\n\t\t\t\t\t<\/div>\n\t\t<\/section>\n\t\t<div class=\"elementor-element elementor-element-5f2ba5eb e-flex e-con-boxed sc_layouts_column_icons_position_left e-con e-parent\" data-id=\"5f2ba5eb\" data-element_type=\"container\" data-settings=\"{&quot;background_background&quot;:&quot;classic&quot;}\">\n\t\t\t\t\t<div class=\"e-con-inner\">\n\t\t\t\t<div class=\"elementor-element elementor-element-5f71524a elementor-widget elementor-widget-spacer\" data-id=\"5f71524a\" data-element_type=\"widget\" data-widget_type=\"spacer.default\">\n\t\t\t\t\t\t\t<div class=\"elementor-spacer\">\n\t\t\t<div class=\"elementor-spacer-inner\"><\/div>\n\t\t<\/div>\n\t\t\t\t\t\t<\/div>\n\t\t\t\t\t<\/div>\n\t\t\t\t<\/div>\n\t\t\t\t<\/div>\n\t\t","protected":false},"excerpt":{"rendered":"<p>GRMS \u2013 Intelligente Systeme f\u00fcr moderne Hotels Ein neues Ma\u00df an G\u00e4stezufriedenheit Interras Guest Room Management System (GRMS) vereint Komfort, Energieeffizienz und operative Exzellenz, um das G\u00e4steerlebnis auf ein neues&hellip;<\/p>\n","protected":false},"author":1,"featured_media":0,"parent":0,"menu_order":0,"comment_status":"closed","ping_status":"closed","template":"elementor_header_footer","meta":{"footnotes":""},"class_list":["post-2513","page","type-page","status-publish","hentry"],"_links":{"self":[{"href":"https:\/\/interratechnology.at\/hotel\/wp-json\/wp\/v2\/pages\/2513","targetHints":{"allow":["GET"]}}],"collection":[{"href":"https:\/\/interratechnology.at\/hotel\/wp-json\/wp\/v2\/pages"}],"about":[{"href":"https:\/\/interratechnology.at\/hotel\/wp-json\/wp\/v2\/types\/page"}],"author":[{"embeddable":true,"href":"https:\/\/interratechnology.at\/hotel\/wp-json\/wp\/v2\/users\/1"}],"replies":[{"embeddable":true,"href":"https:\/\/interratechnology.at\/hotel\/wp-json\/wp\/v2\/comments?post=2513"}],"version-history":[{"count":6,"href":"https:\/\/interratechnology.at\/hotel\/wp-json\/wp\/v2\/pages\/2513\/revisions"}],"predecessor-version":[{"id":11473,"href":"https:\/\/interratechnology.at\/hotel\/wp-json\/wp\/v2\/pages\/2513\/revisions\/11473"}],"wp:attachment":[{"href":"https:\/\/interratechnology.at\/hotel\/wp-json\/wp\/v2\/media?parent=2513"}],"curies":[{"name":"wp","href":"https:\/\/api.w.org\/{rel}","templated":true}]}}