{"id":2013,"date":"2025-02-11T17:09:04","date_gmt":"2025-02-11T14:09:04","guid":{"rendered":"https:\/\/grms.interratechnology.com\/?page_id=2013"},"modified":"2025-06-11T13:46:09","modified_gmt":"2025-06-11T11:46:09","slug":"ix4-knx-touch-panel","status":"publish","type":"page","link":"https:\/\/interratechnology.at\/hotel\/ix4-knx-touch-panel\/","title":{"rendered":"iX4 KNX Touch Panel"},"content":{"rendered":"\t\t<div data-elementor-type=\"wp-page\" data-elementor-id=\"2013\" class=\"elementor elementor-2013\">\n\t\t\t\t<div class=\"elementor-element elementor-element-16bee204 e-flex e-con-boxed sc_layouts_column_icons_position_left e-con e-parent\" data-id=\"16bee204\" data-element_type=\"container\" data-settings=\"{&quot;background_background&quot;:&quot;classic&quot;}\">\n\t\t\t\t\t<div class=\"e-con-inner\">\n\t\t<div class=\"elementor-element elementor-element-3bece17 e-grid e-con-full sc_layouts_column_icons_position_left e-con e-child\" data-id=\"3bece17\" data-element_type=\"container\">\n\t\t\t\t<div data-animation-type=\"block\" class=\"elementor-element elementor-element-100ca059 elementor-invisible elementor-widget elementor-widget-heading\" data-id=\"100ca059\" data-element_type=\"widget\" data-settings=\"{&quot;_animation&quot;:&quot;fadeInDown&quot;}\" data-widget_type=\"heading.default\">\n\t\t\t\t\t<h2 class=\"elementor-heading-title elementor-size-default\">iX4 KNX Touch Panel<\/h2>\t\t\t\t<\/div>\n\t\t\t\t<div data-animation-type=\"block\" class=\"elementor-element elementor-element-79e252a1 elementor-invisible elementor-widget elementor-widget-heading\" data-id=\"79e252a1\" data-element_type=\"widget\" data-settings=\"{&quot;_animation&quot;:&quot;fadeInDown&quot;}\" data-widget_type=\"heading.default\">\n\t\t\t\t\t<h2 class=\"elementor-heading-title elementor-size-default\">Kompakt, schlank \u2013 aber hochintelligent.<\/h2>\t\t\t\t<\/div>\n\t\t\t\t<\/div>\n\t\t\t\t\t<\/div>\n\t\t\t\t<\/div>\n\t\t\t\t<section class=\"elementor-section elementor-top-section elementor-element elementor-element-265df9ce elementor-section-boxed elementor-section-height-default elementor-section-height-default sc_fly_static\" data-id=\"265df9ce\" data-element_type=\"section\" data-settings=\"{&quot;background_background&quot;:&quot;classic&quot;}\">\n\t\t\t\t\t\t<div class=\"elementor-container elementor-column-gap-extended\">\n\t\t\t\t\t<div data-animation-type=\"block\" class=\"elementor-column elementor-col-50 elementor-top-column elementor-element elementor-element-7c6c02ea sc_layouts_column_align_center sc_layouts_column animated-slow sc_content_align_inherit sc_layouts_column_icons_position_left animation_type_block sc_fly_static elementor-invisible\" data-id=\"7c6c02ea\" data-element_type=\"column\" data-settings=\"{&quot;animation&quot;:&quot;fadeInLeft&quot;}\">\n\t\t\t<div class=\"elementor-widget-wrap elementor-element-populated\">\n\t\t\t\t\t\t<div class=\"elementor-element elementor-element-293b3b4d elementor-widget elementor-widget-spacer\" data-id=\"293b3b4d\" data-element_type=\"widget\" data-widget_type=\"spacer.default\">\n\t\t\t\t\t\t\t<div class=\"elementor-spacer\">\n\t\t\t<div class=\"elementor-spacer-inner\"><\/div>\n\t\t<\/div>\n\t\t\t\t\t\t<\/div>\n\t\t\t\t<div class=\"elementor-element elementor-element-518efa63 elementor-widget elementor-widget-text-editor\" data-id=\"518efa63\" data-element_type=\"widget\" data-widget_type=\"text-editor.default\">\n\t\t\t\t\t\t\t\t\t<div class=\"product-description\">\n  <h3>4\u2019\u2019 KNX Touch Panel<\/h3>\n  <p>Das <strong>Interra iX4<\/strong> ist ein miniaturisiertes Smart-Home-Panel der n\u00e4chsten Generation mit hoher Anpassungsf\u00e4higkeit in Raumsteuerung und Architekturdesign &#8211; die effiziente L\u00f6sung f\u00fcr Wohn- und Gewerbeobjekte. Seine benutzerfreundliche, konfigurierbare Oberfl\u00e4che (1&#215;2, 1&#215;4, 2&#215;4) vereinfacht die Geb\u00e4udesteuerung und reduziert Komplexit\u00e4t. Alle Layouts und Farben sind individuell anpassbar.<\/p>\n\n  <ul class=\"feature-list\">\n    <li><strong>Bis zu 128 separat steuerbare Funktionen<\/strong> Integrierte Sensoren f\u00fcr Temperatur, Luftfeuchtigkeit, Helligkeit, Pr\u00e4senz und Luftqualit\u00e4t (optional)<\/li>\n    <li>Verschiedene Modelle verf\u00fcgbar: mit\/ohne AQI-Messung<\/li>\n    <li>Steuerungsfunktionen f\u00fcr:\n      <ul class=\"sublist\">\n        <li>Beleuchtung \u2022 Thermostate \u2022 Klimaanlagen \u2022 Musikanlagen<\/li>\n        <li>RGB\/RGBW-Steuerung \u2022 Dimmer \u2022 Tunable White \u2022 Rollladen\/Jalousien<\/li>\n      <\/ul>\n    <\/li>\n    <li>Passwortschutz \u2022 Einstellbare Uhrzeitanzeige \u2022 Zeitgesteuerte Szenarien<\/li>\n    <li>Unterst\u00fctzung von 13 Sprachen<\/li>\n    <li>4 externe Eing\u00e4nge: 2x Digital, 2x digital\/analog w\u00e4hlbar<\/li>\n    <li>Reinigungsmodus \u2022 IPS-Touchscreen<\/li>\n    <li>Farboptionen: Schwarz\/Wei\u00df<\/li>\n    <li>Konfiguration mit <strong>ETS-Software<\/strong><\/li>\n  <\/ul>\n<\/div>\t\t\t\t\t\t\t\t<\/div>\n\t\t\t\t\t<\/div>\n\t\t<\/div>\n\t\t\t\t<div data-animation-type=\"block\" class=\"elementor-column elementor-col-50 elementor-top-column elementor-element elementor-element-35041a5 sc_layouts_column_align_center sc_layouts_column animated-slow sc_content_align_inherit sc_layouts_column_icons_position_left animation_type_block sc_fly_static elementor-invisible\" data-id=\"35041a5\" data-element_type=\"column\" data-settings=\"{&quot;animation&quot;:&quot;fadeInRight&quot;}\">\n\t\t\t<div class=\"elementor-widget-wrap elementor-element-populated\">\n\t\t\t\t\t\t<div class=\"elementor-element elementor-element-db7e0ce elementor-widget elementor-widget-image\" data-id=\"db7e0ce\" data-element_type=\"widget\" data-widget_type=\"image.default\">\n\t\t\t\t\t\t\t\t\t\t\t\t\t\t\t<img fetchpriority=\"high\" decoding=\"async\" width=\"1349\" height=\"1579\" src=\"https:\/\/interratechnology.at\/hotel\/wp-content\/uploads\/2025\/02\/URUNLER-KATALOGU_-21.10.24-13.png\" class=\"attachment-full size-full wp-image-2016\" alt=\"\" srcset=\"https:\/\/interratechnology.at\/hotel\/wp-content\/uploads\/2025\/02\/URUNLER-KATALOGU_-21.10.24-13.png 1349w, https:\/\/interratechnology.at\/hotel\/wp-content\/uploads\/2025\/02\/URUNLER-KATALOGU_-21.10.24-13-730x854.png 730w, https:\/\/interratechnology.at\/hotel\/wp-content\/uploads\/2025\/02\/URUNLER-KATALOGU_-21.10.24-13-256x300.png 256w, https:\/\/interratechnology.at\/hotel\/wp-content\/uploads\/2025\/02\/URUNLER-KATALOGU_-21.10.24-13-875x1024.png 875w, https:\/\/interratechnology.at\/hotel\/wp-content\/uploads\/2025\/02\/URUNLER-KATALOGU_-21.10.24-13-768x899.png 768w, https:\/\/interratechnology.at\/hotel\/wp-content\/uploads\/2025\/02\/URUNLER-KATALOGU_-21.10.24-13-1312x1536.png 1312w, https:\/\/interratechnology.at\/hotel\/wp-content\/uploads\/2025\/02\/URUNLER-KATALOGU_-21.10.24-13-370x433.png 370w, https:\/\/interratechnology.at\/hotel\/wp-content\/uploads\/2025\/02\/URUNLER-KATALOGU_-21.10.24-13-840x983.png 840w, https:\/\/interratechnology.at\/hotel\/wp-content\/uploads\/2025\/02\/URUNLER-KATALOGU_-21.10.24-13-410x480.png 410w\" sizes=\"(max-width: 1349px) 100vw, 1349px\" \/>\t\t\t\t\t\t\t\t\t\t\t\t\t\t\t<\/div>\n\t\t\t\t\t<\/div>\n\t\t<\/div>\n\t\t\t\t\t<\/div>\n\t\t<\/section>\n\t\t<div class=\"elementor-element elementor-element-114da89b e-flex e-con-boxed sc_layouts_column_icons_position_left e-con e-parent\" data-id=\"114da89b\" data-element_type=\"container\" data-settings=\"{&quot;background_background&quot;:&quot;classic&quot;}\">\n\t\t\t\t\t<div class=\"e-con-inner\">\n\t\t\t\t<div class=\"elementor-element elementor-element-15ff2fa5 elementor-widget elementor-widget-spacer\" data-id=\"15ff2fa5\" data-element_type=\"widget\" data-widget_type=\"spacer.default\">\n\t\t\t\t\t\t\t<div class=\"elementor-spacer\">\n\t\t\t<div class=\"elementor-spacer-inner\"><\/div>\n\t\t<\/div>\n\t\t\t\t\t\t<\/div>\n\t\t\t\t<div data-animation-type=\"block\" class=\"elementor-element elementor-element-2e3d034f animated-slow elementor-invisible elementor-widget elementor-widget-image\" data-id=\"2e3d034f\" data-element_type=\"widget\" data-settings=\"{&quot;_animation&quot;:&quot;fadeInUp&quot;}\" data-widget_type=\"image.default\">\n\t\t\t\t\t\t\t\t\t\t\t\t\t\t\t<img decoding=\"async\" width=\"2552\" height=\"999\" src=\"https:\/\/interratechnology.at\/hotel\/wp-content\/uploads\/2025\/02\/ix4features-13-13.png\" class=\"attachment-full size-full wp-image-2018\" alt=\"\" srcset=\"https:\/\/interratechnology.at\/hotel\/wp-content\/uploads\/2025\/02\/ix4features-13-13.png 2552w, https:\/\/interratechnology.at\/hotel\/wp-content\/uploads\/2025\/02\/ix4features-13-13-730x286.png 730w, https:\/\/interratechnology.at\/hotel\/wp-content\/uploads\/2025\/02\/ix4features-13-13-300x117.png 300w, https:\/\/interratechnology.at\/hotel\/wp-content\/uploads\/2025\/02\/ix4features-13-13-1024x401.png 1024w, https:\/\/interratechnology.at\/hotel\/wp-content\/uploads\/2025\/02\/ix4features-13-13-768x301.png 768w, https:\/\/interratechnology.at\/hotel\/wp-content\/uploads\/2025\/02\/ix4features-13-13-1536x601.png 1536w, https:\/\/interratechnology.at\/hotel\/wp-content\/uploads\/2025\/02\/ix4features-13-13-2048x802.png 2048w, https:\/\/interratechnology.at\/hotel\/wp-content\/uploads\/2025\/02\/ix4features-13-13-370x145.png 370w, https:\/\/interratechnology.at\/hotel\/wp-content\/uploads\/2025\/02\/ix4features-13-13-840x329.png 840w, https:\/\/interratechnology.at\/hotel\/wp-content\/uploads\/2025\/02\/ix4features-13-13-410x160.png 410w\" sizes=\"(max-width: 2552px) 100vw, 2552px\" \/>\t\t\t\t\t\t\t\t\t\t\t\t\t\t\t<\/div>\n\t\t<div class=\"elementor-element elementor-element-4b6cfb2f e-con-full e-flex sc_layouts_column_icons_position_left e-con e-child\" data-id=\"4b6cfb2f\" data-element_type=\"container\" data-settings=\"{&quot;background_background&quot;:&quot;classic&quot;}\">\n\t\t\t\t<div data-animation-type=\"block\" class=\"elementor-element elementor-element-2d92021b animated-slow elementor-invisible elementor-widget elementor-widget-image\" data-id=\"2d92021b\" data-element_type=\"widget\" data-settings=\"{&quot;_animation&quot;:&quot;fadeInUp&quot;}\" data-widget_type=\"image.default\">\n\t\t\t\t\t\t\t\t\t\t\t\t\t\t\t<img decoding=\"async\" width=\"2552\" height=\"3579\" src=\"https:\/\/interratechnology.at\/hotel\/wp-content\/uploads\/2025\/02\/ix4interface-14-14.png\" class=\"attachment-full size-full wp-image-2019\" alt=\"\" srcset=\"https:\/\/interratechnology.at\/hotel\/wp-content\/uploads\/2025\/02\/ix4interface-14-14.png 2552w, https:\/\/interratechnology.at\/hotel\/wp-content\/uploads\/2025\/02\/ix4interface-14-14-730x1024.png 730w, https:\/\/interratechnology.at\/hotel\/wp-content\/uploads\/2025\/02\/ix4interface-14-14-214x300.png 214w, https:\/\/interratechnology.at\/hotel\/wp-content\/uploads\/2025\/02\/ix4interface-14-14-768x1077.png 768w, https:\/\/interratechnology.at\/hotel\/wp-content\/uploads\/2025\/02\/ix4interface-14-14-1095x1536.png 1095w, https:\/\/interratechnology.at\/hotel\/wp-content\/uploads\/2025\/02\/ix4interface-14-14-1460x2048.png 1460w, https:\/\/interratechnology.at\/hotel\/wp-content\/uploads\/2025\/02\/ix4interface-14-14-370x519.png 370w, https:\/\/interratechnology.at\/hotel\/wp-content\/uploads\/2025\/02\/ix4interface-14-14-840x1178.png 840w, https:\/\/interratechnology.at\/hotel\/wp-content\/uploads\/2025\/02\/ix4interface-14-14-410x575.png 410w\" sizes=\"(max-width: 2552px) 100vw, 2552px\" \/>\t\t\t\t\t\t\t\t\t\t\t\t\t\t\t<\/div>\n\t\t\t\t<\/div>\n\t\t\t\t\t<\/div>\n\t\t\t\t<\/div>\n\t\t\t\t<section class=\"elementor-section elementor-top-section elementor-element elementor-element-7eaaeec2 elementor-section-boxed elementor-section-height-default elementor-section-height-default sc_fly_static\" data-id=\"7eaaeec2\" data-element_type=\"section\" data-settings=\"{&quot;background_background&quot;:&quot;classic&quot;}\">\n\t\t\t\t\t\t<div class=\"elementor-container elementor-column-gap-extended\">\n\t\t\t\t\t<div class=\"elementor-column elementor-col-100 elementor-top-column elementor-element elementor-element-75036c84 sc_layouts_column_align_center sc_layouts_column sc_content_align_inherit sc_layouts_column_icons_position_left sc_fly_static\" data-id=\"75036c84\" data-element_type=\"column\">\n\t\t\t<div class=\"elementor-widget-wrap elementor-element-populated\">\n\t\t\t\t\t\t<div class=\"elementor-element elementor-element-55d1cca4 elementor-widget elementor-widget-spacer\" data-id=\"55d1cca4\" data-element_type=\"widget\" data-widget_type=\"spacer.default\">\n\t\t\t\t\t\t\t<div class=\"elementor-spacer\">\n\t\t\t<div class=\"elementor-spacer-inner\"><\/div>\n\t\t<\/div>\n\t\t\t\t\t\t<\/div>\n\t\t\t\t<div class=\"elementor-element elementor-element-2c3cb6e elementor-widget__width-initial sc_fly_static elementor-widget elementor-widget-trx_sc_title\" data-id=\"2c3cb6e\" data-element_type=\"widget\" data-widget_type=\"trx_sc_title.default\">\n\t\t\t\t<div class=\"elementor-widget-container\">\n\t\t\t\t\t<div\t\tclass=\"sc_title sc_title_default\" ><span class=\"sc_item_subtitle sc_title_subtitle sc_item_subtitle_above sc_item_title_style_default sc_item_subtitle_with_custom_color trx_addons_inline_1445192846\">Unsere L\u00f6sungskompetenz<\/span><h2 class=\"sc_item_title sc_title_title sc_item_title_style_default trx_addons_inline_649488883 sc_typed\"\n\t\t\t><span class=\"sc_item_title_text\">iX4 Touch Panel \u2013 intelligent vernetzt mit <span class=\"sc_typed_entry trx_addons_inline_778820656\" data-strings=\"[&quot;Beleuchtungssteuerung&quot;,&quot;HLK-Systeme (Heizung, L\\u00fcftung, Klima)&quot;,&quot;Energiemanagement&quot;]\" data-loop=\"1\" data-cursor=\"0\" data-cursor-char=\"_\" data-speed=\"6\" data-delay=\"1\">Beleuchtungssteuerung<\/span>\n<\/span><\/h2><\/div>\t\t\t\t<\/div>\n\t\t\t\t<\/div>\n\t\t\t\t<div class=\"elementor-element elementor-element-18f3b237 sc_height_small elementor-widget elementor-widget-spacer\" data-id=\"18f3b237\" data-element_type=\"widget\" data-widget_type=\"spacer.default\">\n\t\t\t\t\t\t\t<div class=\"elementor-spacer\">\n\t\t\t<div class=\"elementor-spacer-inner\"><\/div>\n\t\t<\/div>\n\t\t\t\t\t\t<\/div>\n\t\t\t\t\t<\/div>\n\t\t<\/div>\n\t\t\t\t\t<\/div>\n\t\t<\/section>\n\t\t\t\t<section class=\"elementor-section elementor-top-section elementor-element elementor-element-3da1bee4 elementor-section-full_width elementor-section-height-default elementor-section-height-default sc_fly_static\" data-id=\"3da1bee4\" data-element_type=\"section\" data-settings=\"{&quot;background_background&quot;:&quot;classic&quot;}\">\n\t\t\t\t\t\t<div class=\"elementor-container elementor-column-gap-no\">\n\t\t\t\t\t<div class=\"elementor-column elementor-col-100 elementor-top-column elementor-element elementor-element-4586219e sc_content_align_inherit sc_layouts_column_icons_position_left sc_fly_static\" data-id=\"4586219e\" data-element_type=\"column\">\n\t\t\t<div class=\"elementor-widget-wrap elementor-element-populated\">\n\t\t\t\t\t\t<div class=\"elementor-element elementor-element-3cf77c37 sc_layouts_hide_on_tablet sc_layouts_hide_on_mobile elementor-widget elementor-widget-spacer\" data-id=\"3cf77c37\" data-element_type=\"widget\" data-widget_type=\"spacer.default\">\n\t\t\t\t\t\t\t<div class=\"elementor-spacer\">\n\t\t\t<div class=\"elementor-spacer-inner\"><\/div>\n\t\t<\/div>\n\t\t\t\t\t\t<\/div>\n\t\t\t\t\t<\/div>\n\t\t<\/div>\n\t\t\t\t\t<\/div>\n\t\t<\/section>\n\t\t\t\t<section class=\"elementor-section elementor-top-section elementor-element elementor-element-2da5f088 elementor-section-full_width elementor-section-height-default elementor-section-height-default sc_fly_static\" data-id=\"2da5f088\" data-element_type=\"section\" data-settings=\"{&quot;background_background&quot;:&quot;classic&quot;}\">\n\t\t\t\t\t\t<div class=\"elementor-container elementor-column-gap-no\">\n\t\t\t\t\t<div class=\"elementor-column elementor-col-50 elementor-top-column elementor-element elementor-element-179c1442 sc-mobile_inner_width_none sc_content_align_inherit sc_layouts_column_icons_position_left sc_fly_static\" data-id=\"179c1442\" data-element_type=\"column\">\n\t\t\t<div class=\"elementor-widget-wrap elementor-element-populated\">\n\t\t\t\t\t\t<div class=\"elementor-element elementor-element-92a192 elementor-widget elementor-widget-image\" data-id=\"92a192\" data-element_type=\"widget\" data-widget_type=\"image.default\">\n\t\t\t\t\t\t\t\t\t\t\t\t\t\t\t<img loading=\"lazy\" decoding=\"async\" width=\"1920\" height=\"1080\" src=\"https:\/\/interratechnology.at\/hotel\/wp-content\/uploads\/2025\/01\/baslangicfoto.png\" class=\"attachment-full size-full wp-image-537\" alt=\"\" srcset=\"https:\/\/interratechnology.at\/hotel\/wp-content\/uploads\/2025\/01\/baslangicfoto.png 1920w, https:\/\/interratechnology.at\/hotel\/wp-content\/uploads\/2025\/01\/baslangicfoto-730x411.png 730w, https:\/\/interratechnology.at\/hotel\/wp-content\/uploads\/2025\/01\/baslangicfoto-300x169.png 300w, https:\/\/interratechnology.at\/hotel\/wp-content\/uploads\/2025\/01\/baslangicfoto-1024x576.png 1024w, https:\/\/interratechnology.at\/hotel\/wp-content\/uploads\/2025\/01\/baslangicfoto-768x432.png 768w, https:\/\/interratechnology.at\/hotel\/wp-content\/uploads\/2025\/01\/baslangicfoto-1536x864.png 1536w, https:\/\/interratechnology.at\/hotel\/wp-content\/uploads\/2025\/01\/baslangicfoto-370x208.png 370w, https:\/\/interratechnology.at\/hotel\/wp-content\/uploads\/2025\/01\/baslangicfoto-1290x725.png 1290w, https:\/\/interratechnology.at\/hotel\/wp-content\/uploads\/2025\/01\/baslangicfoto-840x473.png 840w, https:\/\/interratechnology.at\/hotel\/wp-content\/uploads\/2025\/01\/baslangicfoto-410x231.png 410w, https:\/\/interratechnology.at\/hotel\/wp-content\/uploads\/2025\/01\/baslangicfoto-270x152.png 270w\" sizes=\"(max-width: 1920px) 100vw, 1920px\" \/>\t\t\t\t\t\t\t\t\t\t\t\t\t\t\t<\/div>\n\t\t\t\t\t<\/div>\n\t\t<\/div>\n\t\t\t\t<div class=\"elementor-column elementor-col-50 elementor-top-column elementor-element elementor-element-11b13802 sc-tablet_inner_width_none sc_inner_width_1_2 sc_content_align_inherit sc_layouts_column_icons_position_left sc_fly_static\" data-id=\"11b13802\" data-element_type=\"column\">\n\t\t\t<div class=\"elementor-widget-wrap elementor-element-populated\">\n\t\t\t\t\t\t<div class=\"elementor-element elementor-element-917c9c2 sc_fly_static elementor-widget elementor-widget-trx_sc_title\" data-id=\"917c9c2\" data-element_type=\"widget\" data-widget_type=\"trx_sc_title.default\">\n\t\t\t\t<div class=\"elementor-widget-container\">\n\t\t\t\t\t<div\t\tclass=\"sc_title sc_title_default\" ><span class=\"sc_item_subtitle sc_title_subtitle sc_item_subtitle_above sc_item_title_style_default sc_item_subtitle_with_custom_color trx_addons_inline_456489306\">iX4 Vorteile<\/span><h1 class=\"sc_item_title sc_title_title sc_item_title_style_default sc_item_title_tag trx_addons_inline_1567081570\"\n\t\t\t><span class=\"sc_item_title_text\">Warum das iX4 Touch Panel  die richtige Wahl ist<\/span><\/h1><\/div>\t\t\t\t<\/div>\n\t\t\t\t<\/div>\n\t\t\t\t<div class=\"elementor-element elementor-element-7225c22b elementor-widget elementor-widget-spacer\" data-id=\"7225c22b\" data-element_type=\"widget\" data-widget_type=\"spacer.default\">\n\t\t\t\t\t\t\t<div class=\"elementor-spacer\">\n\t\t\t<div class=\"elementor-spacer-inner\"><\/div>\n\t\t<\/div>\n\t\t\t\t\t\t<\/div>\n\t\t\t\t<div class=\"elementor-element elementor-element-f98f410 elementor-widget-divider--view-line elementor-widget elementor-widget-divider\" data-id=\"f98f410\" data-element_type=\"widget\" data-widget_type=\"divider.default\">\n\t\t\t\t\t\t\t<div class=\"elementor-divider\">\n\t\t\t<span class=\"elementor-divider-separator\">\n\t\t\t\t\t\t<\/span>\n\t\t<\/div>\n\t\t\t\t\t\t<\/div>\n\t\t\t\t<div class=\"elementor-element elementor-element-6de7e0dd elementor-widget-divider--view-line elementor-widget elementor-widget-divider\" data-id=\"6de7e0dd\" data-element_type=\"widget\" data-widget_type=\"divider.default\">\n\t\t\t\t\t\t\t<div class=\"elementor-divider\">\n\t\t\t<span class=\"elementor-divider-separator\">\n\t\t\t\t\t\t<\/span>\n\t\t<\/div>\n\t\t\t\t\t\t<\/div>\n\t\t\t\t<div class=\"elementor-element elementor-element-49b39eb bordered elementor-widget elementor-widget-accordion\" data-id=\"49b39eb\" data-element_type=\"widget\" data-widget_type=\"accordion.default\">\n\t\t\t\t\t\t\t<div class=\"elementor-accordion\">\n\t\t\t\t\t\t\t<div class=\"elementor-accordion-item\">\n\t\t\t\t\t<h5 id=\"elementor-tab-title-7721\" class=\"elementor-tab-title\" data-tab=\"1\" role=\"button\" aria-controls=\"elementor-tab-content-7721\" aria-expanded=\"false\">\n\t\t\t\t\t\t\t\t\t\t\t\t\t<span class=\"elementor-accordion-icon elementor-accordion-icon-right\" aria-hidden=\"true\">\n\t\t\t\t\t\t\t\t\t\t\t\t\t\t\t<span class=\"elementor-accordion-icon-closed\"><\/span>\n\t\t\t\t\t\t\t\t<span class=\"elementor-accordion-icon-opened\"><\/span>\n\t\t\t\t\t\t\t\t\t\t\t\t\t\t<\/span>\n\t\t\t\t\t\t\t\t\t\t\t\t<a class=\"elementor-accordion-title\" tabindex=\"0\">Modernes und stilvolles Design<\/a>\n\t\t\t\t\t<\/h5>\n\t\t\t\t\t<div id=\"elementor-tab-content-7721\" class=\"elementor-tab-content elementor-clearfix\" data-tab=\"1\" role=\"region\" aria-labelledby=\"elementor-tab-title-7721\"><p>Interra iX4 Touch Panel \u00fcberzeugt mit einer eleganten Glasoberfl\u00e4che und einem hochaufl\u00f6senden Touchscreen \u2013 eine perfekte Kombination aus Stil und Funktionalit\u00e4t.<\/p><\/div>\n\t\t\t\t<\/div>\n\t\t\t\t\t\t\t<div class=\"elementor-accordion-item\">\n\t\t\t\t\t<h5 id=\"elementor-tab-title-7722\" class=\"elementor-tab-title\" data-tab=\"2\" role=\"button\" aria-controls=\"elementor-tab-content-7722\" aria-expanded=\"false\">\n\t\t\t\t\t\t\t\t\t\t\t\t\t<span class=\"elementor-accordion-icon elementor-accordion-icon-right\" aria-hidden=\"true\">\n\t\t\t\t\t\t\t\t\t\t\t\t\t\t\t<span class=\"elementor-accordion-icon-closed\"><\/span>\n\t\t\t\t\t\t\t\t<span class=\"elementor-accordion-icon-opened\"><\/span>\n\t\t\t\t\t\t\t\t\t\t\t\t\t\t<\/span>\n\t\t\t\t\t\t\t\t\t\t\t\t<a class=\"elementor-accordion-title\" tabindex=\"0\">Intelligente und effiziente Steuerung<\/a>\n\t\t\t\t\t<\/h5>\n\t\t\t\t\t<div id=\"elementor-tab-content-7722\" class=\"elementor-tab-content elementor-clearfix\" data-tab=\"2\" role=\"region\" aria-labelledby=\"elementor-tab-title-7722\"><p>Mit vollst\u00e4ndiger KNX Kompatibilit\u00e4t und einer intuitiven Benutzeroberfl\u00e4che erm\u00f6glicht iX4 Touch Panel eine nahtlose Steuerung von Beleuchtung, Klima und Sicherheit.<\/p><\/div>\n\t\t\t\t<\/div>\n\t\t\t\t\t\t\t<div class=\"elementor-accordion-item\">\n\t\t\t\t\t<h5 id=\"elementor-tab-title-7723\" class=\"elementor-tab-title\" data-tab=\"3\" role=\"button\" aria-controls=\"elementor-tab-content-7723\" aria-expanded=\"false\">\n\t\t\t\t\t\t\t\t\t\t\t\t\t<span class=\"elementor-accordion-icon elementor-accordion-icon-right\" aria-hidden=\"true\">\n\t\t\t\t\t\t\t\t\t\t\t\t\t\t\t<span class=\"elementor-accordion-icon-closed\"><\/span>\n\t\t\t\t\t\t\t\t<span class=\"elementor-accordion-icon-opened\"><\/span>\n\t\t\t\t\t\t\t\t\t\t\t\t\t\t<\/span>\n\t\t\t\t\t\t\t\t\t\t\t\t<a class=\"elementor-accordion-title\" tabindex=\"0\">Zuverl\u00e4ssig und zukunftsorientiert<\/a>\n\t\t\t\t\t<\/h5>\n\t\t\t\t\t<div id=\"elementor-tab-content-7723\" class=\"elementor-tab-content elementor-clearfix\" data-tab=\"3\" role=\"region\" aria-labelledby=\"elementor-tab-title-7723\"><p>F\u00fcr eine langfristige Nutzung entwickelt, bietet iX4 Touch Panel eine schnelle Verarbeitung, regelm\u00e4\u00dfige Updates und flexible Integration f\u00fcr sich wandelnde smarte Umgebungen.<\/p><\/div>\n\t\t\t\t<\/div>\n\t\t\t\t\t\t\t\t<\/div>\n\t\t\t\t\t\t<\/div>\n\t\t\t\t\t<\/div>\n\t\t<\/div>\n\t\t\t\t\t<\/div>\n\t\t<\/section>\n\t\t<div class=\"elementor-element elementor-element-18f65d9 e-flex e-con-boxed sc_layouts_column_icons_position_left e-con e-parent\" data-id=\"18f65d9\" data-element_type=\"container\" data-settings=\"{&quot;background_background&quot;:&quot;classic&quot;}\">\n\t\t\t\t\t<div class=\"e-con-inner\">\n\t\t\t\t<div class=\"elementor-element elementor-element-7a3c1c88 elementor-widget elementor-widget-spacer\" data-id=\"7a3c1c88\" data-element_type=\"widget\" data-widget_type=\"spacer.default\">\n\t\t\t\t\t\t\t<div class=\"elementor-spacer\">\n\t\t\t<div class=\"elementor-spacer-inner\"><\/div>\n\t\t<\/div>\n\t\t\t\t\t\t<\/div>\n\t\t\t\t\t<\/div>\n\t\t\t\t<\/div>\n\t\t\t\t<\/div>\n\t\t","protected":false},"excerpt":{"rendered":"<p>iX4 KNX Touch Panel Kompakt, schlank \u2013 aber hochintelligent. 4\u2019\u2019 KNX Touch Panel Das Interra iX4 ist ein miniaturisiertes Smart-Home-Panel der n\u00e4chsten Generation mit hoher Anpassungsf\u00e4higkeit in Raumsteuerung und Architekturdesign&hellip;<\/p>\n","protected":false},"author":1,"featured_media":0,"parent":0,"menu_order":0,"comment_status":"closed","ping_status":"closed","template":"elementor_header_footer","meta":{"footnotes":""},"class_list":["post-2013","page","type-page","status-publish","hentry"],"_links":{"self":[{"href":"https:\/\/interratechnology.at\/hotel\/wp-json\/wp\/v2\/pages\/2013","targetHints":{"allow":["GET"]}}],"collection":[{"href":"https:\/\/interratechnology.at\/hotel\/wp-json\/wp\/v2\/pages"}],"about":[{"href":"https:\/\/interratechnology.at\/hotel\/wp-json\/wp\/v2\/types\/page"}],"author":[{"embeddable":true,"href":"https:\/\/interratechnology.at\/hotel\/wp-json\/wp\/v2\/users\/1"}],"replies":[{"embeddable":true,"href":"https:\/\/interratechnology.at\/hotel\/wp-json\/wp\/v2\/comments?post=2013"}],"version-history":[{"count":7,"href":"https:\/\/interratechnology.at\/hotel\/wp-json\/wp\/v2\/pages\/2013\/revisions"}],"predecessor-version":[{"id":11588,"href":"https:\/\/interratechnology.at\/hotel\/wp-json\/wp\/v2\/pages\/2013\/revisions\/11588"}],"wp:attachment":[{"href":"https:\/\/interratechnology.at\/hotel\/wp-json\/wp\/v2\/media?parent=2013"}],"curies":[{"name":"wp","href":"https:\/\/api.w.org\/{rel}","templated":true}]}}