{"id":1859,"date":"2025-02-10T13:15:51","date_gmt":"2025-02-10T10:15:51","guid":{"rendered":"https:\/\/grms.interratechnology.com\/?page_id=1859"},"modified":"2025-07-15T01:13:04","modified_gmt":"2025-07-14T23:13:04","slug":"gemeinschaftsbereiche-automatisierung","status":"publish","type":"page","link":"https:\/\/interratechnology.at\/hotel\/gemeinschaftsbereiche-automatisierung\/","title":{"rendered":"Gemeinschaftsbereiche Automatisierung"},"content":{"rendered":"\t\t<div data-elementor-type=\"wp-page\" data-elementor-id=\"1859\" class=\"elementor elementor-1859\">\n\t\t\t\t<div class=\"elementor-element elementor-element-202a37d6 e-flex e-con-boxed sc_layouts_column_icons_position_left e-con e-parent\" data-id=\"202a37d6\" data-element_type=\"container\">\n\t\t\t\t\t<div class=\"e-con-inner\">\n\t\t\t\t<div class=\"elementor-element elementor-element-356e5b1c elementor-widget elementor-widget-spacer\" data-id=\"356e5b1c\" data-element_type=\"widget\" data-widget_type=\"spacer.default\">\n\t\t\t\t\t\t\t<div class=\"elementor-spacer\">\n\t\t\t<div class=\"elementor-spacer-inner\"><\/div>\n\t\t<\/div>\n\t\t\t\t\t\t<\/div>\n\t\t\t\t<div data-animation-type=\"block\" class=\"elementor-element elementor-element-2c9a73ad elementor-invisible elementor-widget elementor-widget-heading\" data-id=\"2c9a73ad\" data-element_type=\"widget\" data-settings=\"{&quot;_animation&quot;:&quot;fadeInUp&quot;}\" data-widget_type=\"heading.default\">\n\t\t\t\t\t<h2 class=\"elementor-heading-title elementor-size-default\">Gemeinschaftsbereiche Automatisierung\n<\/h2>\t\t\t\t<\/div>\n\t\t\t\t<div data-animation-type=\"block\" class=\"elementor-element elementor-element-14722308 elementor-invisible elementor-widget elementor-widget-heading\" data-id=\"14722308\" data-element_type=\"widget\" data-settings=\"{&quot;_animation&quot;:&quot;fadeInUp&quot;}\" data-widget_type=\"heading.default\">\n\t\t\t\t\t<h2 class=\"elementor-heading-title elementor-size-default\">Personalisierter Komfort und Effizienz<\/h2>\t\t\t\t<\/div>\n\t\t\t\t<div class=\"elementor-element elementor-element-6b5f2f1 elementor-widget elementor-widget-spacer\" data-id=\"6b5f2f1\" data-element_type=\"widget\" data-widget_type=\"spacer.default\">\n\t\t\t\t\t\t\t<div class=\"elementor-spacer\">\n\t\t\t<div class=\"elementor-spacer-inner\"><\/div>\n\t\t<\/div>\n\t\t\t\t\t\t<\/div>\n\t\t\t\t<div data-animation-type=\"block\" class=\"elementor-element elementor-element-484f7066 animated-slow elementor-invisible elementor-widget elementor-widget-text-editor\" data-id=\"484f7066\" data-element_type=\"widget\" data-settings=\"{&quot;_animation&quot;:&quot;fadeInUp&quot;}\" data-widget_type=\"text-editor.default\">\n\t\t\t\t\t\t\t\t\t<p>Komfort, Sicherheit und \u00c4sthetik vereint unsere L\u00f6sungen f\u00fcr Gemeinschaftsbereiche schaffen ein nahtloses Erlebnis in Empfangsbereichen, Konferenzr\u00e4umen und Lounges. Intelligente Beleuchtung, Temperaturregelung und Sicherheitsintegration sorgen jederzeit f\u00fcr eine angenehme und sichere Atmosph\u00e4re f\u00fcr Ihre G\u00e4ste.<\/p>\t\t\t\t\t\t\t\t<\/div>\n\t\t\t\t<div class=\"elementor-element elementor-element-49837642 elementor-widget elementor-widget-spacer\" data-id=\"49837642\" data-element_type=\"widget\" data-widget_type=\"spacer.default\">\n\t\t\t\t\t\t\t<div class=\"elementor-spacer\">\n\t\t\t<div class=\"elementor-spacer-inner\"><\/div>\n\t\t<\/div>\n\t\t\t\t\t\t<\/div>\n\t\t\t\t\t<\/div>\n\t\t\t\t<\/div>\n\t\t<div data-animation-type=\"block\" class=\"elementor-element elementor-element-99885e3 sc_layouts_hide_on_wide sc_layouts_hide_on_desktop sc_layouts_hide_on_notebook sc_layouts_hide_on_tablet e-flex e-con-boxed sc_layouts_column_icons_position_left animation_type_block elementor-invisible e-con e-parent\" data-id=\"99885e3\" data-element_type=\"container\" data-settings=\"{&quot;animation&quot;:&quot;fadeInUp&quot;}\">\n\t\t\t\t\t<div class=\"e-con-inner\">\n\t\t\t\t<div class=\"elementor-element elementor-element-cc99c37 elementor-widget elementor-widget-image\" data-id=\"cc99c37\" data-element_type=\"widget\" data-widget_type=\"image.default\">\n\t\t\t\t\t\t\t\t\t\t\t\t\t\t\t<img fetchpriority=\"high\" decoding=\"async\" width=\"1024\" height=\"523\" src=\"https:\/\/interratechnology.at\/hotel\/wp-content\/uploads\/2025\/02\/common-area-end-1024x523.png\" class=\"attachment-large size-large wp-image-1927\" alt=\"\" srcset=\"https:\/\/interratechnology.at\/hotel\/wp-content\/uploads\/2025\/02\/common-area-end-1024x523.png 1024w, https:\/\/interratechnology.at\/hotel\/wp-content\/uploads\/2025\/02\/common-area-end-730x373.png 730w, https:\/\/interratechnology.at\/hotel\/wp-content\/uploads\/2025\/02\/common-area-end-300x153.png 300w, https:\/\/interratechnology.at\/hotel\/wp-content\/uploads\/2025\/02\/common-area-end-768x392.png 768w, https:\/\/interratechnology.at\/hotel\/wp-content\/uploads\/2025\/02\/common-area-end-1536x785.png 1536w, https:\/\/interratechnology.at\/hotel\/wp-content\/uploads\/2025\/02\/common-area-end-2048x1046.png 2048w, https:\/\/interratechnology.at\/hotel\/wp-content\/uploads\/2025\/02\/common-area-end-370x189.png 370w, https:\/\/interratechnology.at\/hotel\/wp-content\/uploads\/2025\/02\/common-area-end-840x429.png 840w, https:\/\/interratechnology.at\/hotel\/wp-content\/uploads\/2025\/02\/common-area-end-410x209.png 410w\" sizes=\"(max-width: 1024px) 100vw, 1024px\" \/>\t\t\t\t\t\t\t\t\t\t\t\t\t\t\t<\/div>\n\t\t\t\t\t<\/div>\n\t\t\t\t<\/div>\n\t\t<div class=\"elementor-element elementor-element-623e495 sc_layouts_hide_on_mobile e-flex e-con-boxed sc_layouts_column_icons_position_left e-con e-parent\" data-id=\"623e495\" data-element_type=\"container\">\n\t\t\t\t\t<div class=\"e-con-inner\">\n\t\t\t\t<div data-image-effect=\"on_swap\" data-image-effect-scale=\"0\" data-image-effect-strength=\"40\" data-image-effect-displacement=\"https:\/\/grms.interratechnology.com\/wp-content\/uploads\/2025\/01\/cropped-interra_logo_turkuaz_mini.png\" data-image-effect-swap-image=\"https:\/\/interratechnology.at\/hotel\/wp-content\/uploads\/2025\/02\/common-area-end.png\" class=\"elementor-element elementor-element-49e1ce7e trx_addons_image_effects_on_swap elementor-widget elementor-widget-image\" data-id=\"49e1ce7e\" data-element_type=\"widget\" data-widget_type=\"image.default\">\n\t\t\t\t\t\t\t\t\t\t\t\t\t\t\t<img decoding=\"async\" width=\"5120\" height=\"2616\" src=\"https:\/\/interratechnology.at\/hotel\/wp-content\/uploads\/2025\/02\/commonareafirstfoto.png\" class=\"attachment-full size-full wp-image-1931\" alt=\"\" srcset=\"https:\/\/interratechnology.at\/hotel\/wp-content\/uploads\/2025\/02\/commonareafirstfoto.png 5120w, https:\/\/interratechnology.at\/hotel\/wp-content\/uploads\/2025\/02\/commonareafirstfoto-730x373.png 730w, https:\/\/interratechnology.at\/hotel\/wp-content\/uploads\/2025\/02\/commonareafirstfoto-300x153.png 300w, https:\/\/interratechnology.at\/hotel\/wp-content\/uploads\/2025\/02\/commonareafirstfoto-1024x523.png 1024w, https:\/\/interratechnology.at\/hotel\/wp-content\/uploads\/2025\/02\/commonareafirstfoto-768x392.png 768w, https:\/\/interratechnology.at\/hotel\/wp-content\/uploads\/2025\/02\/commonareafirstfoto-1536x785.png 1536w, https:\/\/interratechnology.at\/hotel\/wp-content\/uploads\/2025\/02\/commonareafirstfoto-2048x1046.png 2048w, https:\/\/interratechnology.at\/hotel\/wp-content\/uploads\/2025\/02\/commonareafirstfoto-370x189.png 370w, https:\/\/interratechnology.at\/hotel\/wp-content\/uploads\/2025\/02\/commonareafirstfoto-840x429.png 840w, https:\/\/interratechnology.at\/hotel\/wp-content\/uploads\/2025\/02\/commonareafirstfoto-410x209.png 410w\" sizes=\"(max-width: 5120px) 100vw, 5120px\" \/>\t\t\t\t\t\t\t\t\t\t\t\t\t\t\t<\/div>\n\t\t\t\t\t<\/div>\n\t\t\t\t<\/div>\n\t\t\t\t<section class=\"elementor-section elementor-top-section elementor-element elementor-element-1a4d5cdc elementor-section-boxed elementor-section-height-default elementor-section-height-default sc_fly_static\" data-id=\"1a4d5cdc\" data-element_type=\"section\">\n\t\t\t\t\t\t<div class=\"elementor-container elementor-column-gap-extended\">\n\t\t\t\t\t<div class=\"elementor-column elementor-col-100 elementor-top-column elementor-element elementor-element-3d9b4022 sc_content_align_inherit sc_layouts_column_icons_position_left sc_fly_static\" data-id=\"3d9b4022\" data-element_type=\"column\">\n\t\t\t<div class=\"elementor-widget-wrap elementor-element-populated\">\n\t\t\t\t\t\t<div class=\"elementor-element elementor-element-393c3929 sc_height_huge sc_layouts_hide_on_mobile elementor-widget elementor-widget-spacer\" data-id=\"393c3929\" data-element_type=\"widget\" data-widget_type=\"spacer.default\">\n\t\t\t\t\t\t\t<div class=\"elementor-spacer\">\n\t\t\t<div class=\"elementor-spacer-inner\"><\/div>\n\t\t<\/div>\n\t\t\t\t\t\t<\/div>\n\t\t\t\t\t<\/div>\n\t\t<\/div>\n\t\t\t\t\t<\/div>\n\t\t<\/section>\n\t\t\t\t<section data-animation-type=\"block\" class=\"elementor-section elementor-top-section elementor-element elementor-element-7095df67 elementor-section-boxed elementor-section-height-default elementor-section-height-default animation_type_block sc_fly_static elementor-invisible\" data-id=\"7095df67\" data-element_type=\"section\" data-settings=\"{&quot;animation&quot;:&quot;plastica-fadein&quot;}\">\n\t\t\t\t\t\t<div class=\"elementor-container elementor-column-gap-extended\">\n\t\t\t\t\t<div class=\"elementor-column elementor-col-50 elementor-top-column elementor-element elementor-element-4b611d93 sc_content_align_inherit sc_layouts_column_icons_position_left sc_fly_static\" data-id=\"4b611d93\" data-element_type=\"column\">\n\t\t\t<div class=\"elementor-widget-wrap elementor-element-populated\">\n\t\t\t\t\t\t<div class=\"elementor-element elementor-element-3408fa17 sc_fly_static elementor-widget elementor-widget-trx_sc_title\" data-id=\"3408fa17\" data-element_type=\"widget\" data-widget_type=\"trx_sc_title.default\">\n\t\t\t\t<div class=\"elementor-widget-container\">\n\t\t\t\t\t<div\t\tclass=\"sc_title sc_title_default\" ><span class=\"sc_item_subtitle sc_title_subtitle sc_item_subtitle_above sc_item_title_style_default\">\u0131nterra grms<\/span><h2 class=\"sc_item_title sc_title_title sc_item_title_style_default sc_item_title_tag\"\n\t\t\t><span class=\"sc_item_title_text\">L\u00f6sungen f\u00fcr Gemeinschaftsbereiche\n<\/span><\/h2><\/div>\t\t\t\t<\/div>\n\t\t\t\t<\/div>\n\t\t\t\t<div class=\"elementor-element elementor-element-1a80b30f elementor-widget elementor-widget-spacer\" data-id=\"1a80b30f\" data-element_type=\"widget\" data-widget_type=\"spacer.default\">\n\t\t\t\t\t\t\t<div class=\"elementor-spacer\">\n\t\t\t<div class=\"elementor-spacer-inner\"><\/div>\n\t\t<\/div>\n\t\t\t\t\t\t<\/div>\n\t\t\t\t<div class=\"elementor-element elementor-element-1ac7c729 elementor-widget elementor-widget-image\" data-id=\"1ac7c729\" data-element_type=\"widget\" data-widget_type=\"image.default\">\n\t\t\t\t\t\t\t\t\t\t\t\t\t\t\t<img decoding=\"async\" width=\"1024\" height=\"683\" src=\"https:\/\/interratechnology.at\/hotel\/wp-content\/uploads\/2025\/02\/business-meeting-room-high-rise-office-building-1024x683.jpg\" class=\"attachment-large size-large wp-image-1901\" alt=\"\" srcset=\"https:\/\/interratechnology.at\/hotel\/wp-content\/uploads\/2025\/02\/business-meeting-room-high-rise-office-building-1024x683.jpg 1024w, https:\/\/interratechnology.at\/hotel\/wp-content\/uploads\/2025\/02\/business-meeting-room-high-rise-office-building-scaled-730x487.jpg 730w, https:\/\/interratechnology.at\/hotel\/wp-content\/uploads\/2025\/02\/business-meeting-room-high-rise-office-building-300x200.jpg 300w, https:\/\/interratechnology.at\/hotel\/wp-content\/uploads\/2025\/02\/business-meeting-room-high-rise-office-building-768x512.jpg 768w, https:\/\/interratechnology.at\/hotel\/wp-content\/uploads\/2025\/02\/business-meeting-room-high-rise-office-building-1536x1024.jpg 1536w, https:\/\/interratechnology.at\/hotel\/wp-content\/uploads\/2025\/02\/business-meeting-room-high-rise-office-building-2048x1365.jpg 2048w, https:\/\/interratechnology.at\/hotel\/wp-content\/uploads\/2025\/02\/business-meeting-room-high-rise-office-building-370x247.jpg 370w, https:\/\/interratechnology.at\/hotel\/wp-content\/uploads\/2025\/02\/business-meeting-room-high-rise-office-building-840x560.jpg 840w, https:\/\/interratechnology.at\/hotel\/wp-content\/uploads\/2025\/02\/business-meeting-room-high-rise-office-building-410x273.jpg 410w\" sizes=\"(max-width: 1024px) 100vw, 1024px\" \/>\t\t\t\t\t\t\t\t\t\t\t\t\t\t\t<\/div>\n\t\t\t\t\t<\/div>\n\t\t<\/div>\n\t\t\t\t<div class=\"elementor-column elementor-col-50 elementor-top-column elementor-element elementor-element-680d68da sc_content_align_inherit sc_layouts_column_icons_position_left sc_fly_static\" data-id=\"680d68da\" data-element_type=\"column\">\n\t\t\t<div class=\"elementor-widget-wrap elementor-element-populated\">\n\t\t\t\t\t\t<div class=\"elementor-element elementor-element-4adcb2e2 elementor-widget elementor-widget-spacer\" data-id=\"4adcb2e2\" data-element_type=\"widget\" data-widget_type=\"spacer.default\">\n\t\t\t\t\t\t\t<div class=\"elementor-spacer\">\n\t\t\t<div class=\"elementor-spacer-inner\"><\/div>\n\t\t<\/div>\n\t\t\t\t\t\t<\/div>\n\t\t\t\t<div class=\"elementor-element elementor-element-567d145c elementor-widget__width-initial elementor-widget elementor-widget-text-editor\" data-id=\"567d145c\" data-element_type=\"widget\" data-widget_type=\"text-editor.default\">\n\t\t\t\t\t\t\t\t\t<p class=\"p3\"><span class=\"s1\">Hotel<\/span> <b>Lobbybereiche, Restaurants, Konferenzr\u00e4ume und Freizeitbereiche<\/b> <span class=\"s1\">ben\u00f6tigen eine<\/span> <b>dynamische Automatisierung<\/b> <span class=\"s1\">zur Steigerung des G\u00e4steerlebnisses und zur Optimierung des Energieverbrauchs.<\/span><\/p><ul><li><strong>DMX und DALI Lichtsteuerung<\/strong> \u2013 Szenenbasierte Beleuchtung f\u00fcr Lobbys, Veranstaltungsr\u00e4ume und Restaurants.<\/li><li><strong>Intelligente Klimaregelung<\/strong> \u2013 Anpassung der HVAC-Systeme basierend auf Echtzeit Belegung.<\/li><li><strong>G\u00e4stefokussierte Entertainment- und Erlebnisautomation<\/strong> \u2013 Integration von Audio- und Videosystemen.<\/li><li><strong>Sicherheits- und Zugangskontrolle<\/strong> \u2013 Automatisierte \u00dcberwachung \u00f6ffentlicher Bereiche.<\/li><li><strong>Automatisierte Zeitplanung und individuelle Szenarien<\/strong> \u2013 Vorgefertigte Licht- und Ambienteeinstellungen.<\/li><\/ul><p>Schafft eine einladende Atmosph\u00e4re und senkt gleichzeitig Energie- sowie Betriebskosten.<\/p>\t\t\t\t\t\t\t\t<\/div>\n\t\t\t\t\t<\/div>\n\t\t<\/div>\n\t\t\t\t\t<\/div>\n\t\t<\/section>\n\t\t<div class=\"elementor-element elementor-element-490d8729 e-flex e-con-boxed sc_layouts_column_icons_position_left e-con e-parent\" data-id=\"490d8729\" data-element_type=\"container\">\n\t\t\t\t\t<div class=\"e-con-inner\">\n\t\t\t\t<div class=\"elementor-element elementor-element-dd54beb elementor-widget elementor-widget-image\" data-id=\"dd54beb\" data-element_type=\"widget\" data-widget_type=\"image.default\">\n\t\t\t\t\t\t\t\t\t\t\t\t\t\t\t<img loading=\"lazy\" decoding=\"async\" width=\"2481\" height=\"2549\" src=\"https:\/\/interratechnology.at\/hotel\/wp-content\/uploads\/2025\/07\/Sayfa2.png\" class=\"attachment-full size-full wp-image-11683\" alt=\"\" srcset=\"https:\/\/interratechnology.at\/hotel\/wp-content\/uploads\/2025\/07\/Sayfa2.png 2481w, https:\/\/interratechnology.at\/hotel\/wp-content\/uploads\/2025\/07\/Sayfa2-292x300.png 292w, https:\/\/interratechnology.at\/hotel\/wp-content\/uploads\/2025\/07\/Sayfa2-997x1024.png 997w, https:\/\/interratechnology.at\/hotel\/wp-content\/uploads\/2025\/07\/Sayfa2-768x789.png 768w, https:\/\/interratechnology.at\/hotel\/wp-content\/uploads\/2025\/07\/Sayfa2-1495x1536.png 1495w, https:\/\/interratechnology.at\/hotel\/wp-content\/uploads\/2025\/07\/Sayfa2-1993x2048.png 1993w, https:\/\/interratechnology.at\/hotel\/wp-content\/uploads\/2025\/07\/Sayfa2-370x380.png 370w, https:\/\/interratechnology.at\/hotel\/wp-content\/uploads\/2025\/07\/Sayfa2-840x863.png 840w, https:\/\/interratechnology.at\/hotel\/wp-content\/uploads\/2025\/07\/Sayfa2-410x421.png 410w\" sizes=\"(max-width: 2481px) 100vw, 2481px\" \/>\t\t\t\t\t\t\t\t\t\t\t\t\t\t\t<\/div>\n\t\t\t\t\t<\/div>\n\t\t\t\t<\/div>\n\t\t<div class=\"elementor-element elementor-element-2f2b43bd e-flex e-con-boxed sc_layouts_column_icons_position_left e-con e-parent\" data-id=\"2f2b43bd\" data-element_type=\"container\">\n\t\t\t\t\t<div class=\"e-con-inner\">\n\t\t\t\t<div class=\"elementor-element elementor-element-2ef0401c elementor-widget elementor-widget-image\" data-id=\"2ef0401c\" data-element_type=\"widget\" data-widget_type=\"image.default\">\n\t\t\t\t\t\t\t\t\t\t\t\t\t\t\t<img loading=\"lazy\" decoding=\"async\" width=\"2560\" height=\"2048\" src=\"https:\/\/interratechnology.at\/hotel\/wp-content\/uploads\/2025\/07\/Sayfa2_2-scaled.png\" class=\"attachment-full size-full wp-image-11684\" alt=\"\" srcset=\"https:\/\/interratechnology.at\/hotel\/wp-content\/uploads\/2025\/07\/Sayfa2_2-scaled.png 2560w, https:\/\/interratechnology.at\/hotel\/wp-content\/uploads\/2025\/07\/Sayfa2_2-300x240.png 300w, https:\/\/interratechnology.at\/hotel\/wp-content\/uploads\/2025\/07\/Sayfa2_2-1024x819.png 1024w, https:\/\/interratechnology.at\/hotel\/wp-content\/uploads\/2025\/07\/Sayfa2_2-768x614.png 768w, https:\/\/interratechnology.at\/hotel\/wp-content\/uploads\/2025\/07\/Sayfa2_2-1536x1229.png 1536w, https:\/\/interratechnology.at\/hotel\/wp-content\/uploads\/2025\/07\/Sayfa2_2-2048x1638.png 2048w, https:\/\/interratechnology.at\/hotel\/wp-content\/uploads\/2025\/07\/Sayfa2_2-370x296.png 370w, https:\/\/interratechnology.at\/hotel\/wp-content\/uploads\/2025\/07\/Sayfa2_2-840x672.png 840w, https:\/\/interratechnology.at\/hotel\/wp-content\/uploads\/2025\/07\/Sayfa2_2-410x328.png 410w\" sizes=\"(max-width: 2560px) 100vw, 2560px\" \/>\t\t\t\t\t\t\t\t\t\t\t\t\t\t\t<\/div>\n\t\t\t\t\t<\/div>\n\t\t\t\t<\/div>\n\t\t\t\t<\/div>\n\t\t","protected":false},"excerpt":{"rendered":"<p>Gemeinschaftsbereiche Automatisierung Personalisierter Komfort und Effizienz Komfort, Sicherheit und \u00c4sthetik vereint unsere L\u00f6sungen f\u00fcr Gemeinschaftsbereiche schaffen ein nahtloses Erlebnis in Empfangsbereichen, Konferenzr\u00e4umen und Lounges. Intelligente Beleuchtung, Temperaturregelung und Sicherheitsintegration sorgen&hellip;<\/p>\n","protected":false},"author":1,"featured_media":0,"parent":0,"menu_order":0,"comment_status":"closed","ping_status":"closed","template":"elementor_header_footer","meta":{"footnotes":""},"class_list":["post-1859","page","type-page","status-publish","hentry"],"_links":{"self":[{"href":"https:\/\/interratechnology.at\/hotel\/wp-json\/wp\/v2\/pages\/1859","targetHints":{"allow":["GET"]}}],"collection":[{"href":"https:\/\/interratechnology.at\/hotel\/wp-json\/wp\/v2\/pages"}],"about":[{"href":"https:\/\/interratechnology.at\/hotel\/wp-json\/wp\/v2\/types\/page"}],"author":[{"embeddable":true,"href":"https:\/\/interratechnology.at\/hotel\/wp-json\/wp\/v2\/users\/1"}],"replies":[{"embeddable":true,"href":"https:\/\/interratechnology.at\/hotel\/wp-json\/wp\/v2\/comments?post=1859"}],"version-history":[{"count":10,"href":"https:\/\/interratechnology.at\/hotel\/wp-json\/wp\/v2\/pages\/1859\/revisions"}],"predecessor-version":[{"id":11688,"href":"https:\/\/interratechnology.at\/hotel\/wp-json\/wp\/v2\/pages\/1859\/revisions\/11688"}],"wp:attachment":[{"href":"https:\/\/interratechnology.at\/hotel\/wp-json\/wp\/v2\/media?parent=1859"}],"curies":[{"name":"wp","href":"https:\/\/api.w.org\/{rel}","templated":true}]}}