{"id":1718,"date":"2025-02-05T13:44:13","date_gmt":"2025-02-05T10:44:13","guid":{"rendered":"https:\/\/grms.interratechnology.com\/?page_id=1718"},"modified":"2025-06-13T09:39:25","modified_gmt":"2025-06-13T07:39:25","slug":"hkls-loesungen","status":"publish","type":"page","link":"https:\/\/interratechnology.at\/hotel\/hkls-loesungen\/","title":{"rendered":"Intelligente HLK L\u00f6sungen"},"content":{"rendered":"\t\t<div data-elementor-type=\"wp-page\" data-elementor-id=\"1718\" class=\"elementor elementor-1718\">\n\t\t\t\t<div class=\"elementor-element elementor-element-5385c3a3 e-flex e-con-boxed sc_layouts_column_icons_position_left e-con e-parent\" data-id=\"5385c3a3\" data-element_type=\"container\" data-settings=\"{&quot;background_background&quot;:&quot;classic&quot;}\">\n\t\t\t\t\t<div class=\"e-con-inner\">\n\t\t<div class=\"elementor-element elementor-element-674bb062 e-grid e-con-full sc_layouts_column_icons_position_left e-con e-child\" data-id=\"674bb062\" data-element_type=\"container\">\n\t\t\t\t<div data-animation-type=\"block\" class=\"elementor-element elementor-element-58be0b1d elementor-invisible elementor-widget elementor-widget-heading\" data-id=\"58be0b1d\" data-element_type=\"widget\" data-settings=\"{&quot;_animation&quot;:&quot;fadeInDown&quot;}\" data-widget_type=\"heading.default\">\n\t\t\t\t\t<h2 class=\"elementor-heading-title elementor-size-default\">Interra GRMS \u2013 Intelligente HLK L\u00f6sungen\n<\/h2>\t\t\t\t<\/div>\n\t\t\t\t<div data-animation-type=\"block\" class=\"elementor-element elementor-element-7afd917f elementor-invisible elementor-widget elementor-widget-heading\" data-id=\"7afd917f\" data-element_type=\"widget\" data-settings=\"{&quot;_animation&quot;:&quot;fadeInDown&quot;}\" data-widget_type=\"heading.default\">\n\t\t\t\t\t<h2 class=\"elementor-heading-title elementor-size-default\">Intelligente Klimasteuerung f\u00fcr maximalen Komfort und Energieeffizienz\n\n\n\n\n\n\n\n\n<\/h2>\t\t\t\t<\/div>\n\t\t\t\t<\/div>\n\t\t\t\t\t<\/div>\n\t\t\t\t<\/div>\n\t\t<div class=\"elementor-element elementor-element-56498b8 e-flex e-con-boxed sc_layouts_column_icons_position_left e-con e-parent\" data-id=\"56498b8\" data-element_type=\"container\" data-settings=\"{&quot;background_background&quot;:&quot;classic&quot;}\">\n\t\t\t\t\t<div class=\"e-con-inner\">\n\t\t\t\t<div class=\"elementor-element elementor-element-d1a9f33 elementor-widget elementor-widget-text-editor\" data-id=\"d1a9f33\" data-element_type=\"widget\" data-widget_type=\"text-editor.default\">\n\t\t\t\t\t\t\t\t\t<p class=\"p4\">Heizungs-, L\u00fcftungs- und Klimaanlagen (HLK) sind f\u00fcr den G\u00e4stekomfort in Hotels unverzichtbar. <span class=\"s1\"><b>Interra GRMS Smart HLK L\u00f6sungen<\/b><\/span> bieten <span class=\"s1\"><b>automatisierte Klimasteuerung<\/b><\/span>, die sicherstellt, dass die R\u00e4ume stets die optimale Temperatur haben und gleichzeitig der Energieverbrauch minimiert wird. Durch die Integration von <span class=\"s1\"><b>Pr\u00e4senzsensoren, Thermostatsteuerung und KNX basierter Automatisierung<\/b><\/span> erm\u00f6glicht Interra ein <span class=\"s1\"><b>nahtloses, energieeffizientes und gastorientiertes HKLS Erlebnis<\/b><\/span>.<\/p>\t\t\t\t\t\t\t\t<\/div>\n\t\t\t\t\t<\/div>\n\t\t\t\t<\/div>\n\t\t<div class=\"elementor-element elementor-element-000f391 e-flex e-con-boxed sc_layouts_column_icons_position_left e-con e-parent\" data-id=\"000f391\" data-element_type=\"container\" data-settings=\"{&quot;background_background&quot;:&quot;classic&quot;}\">\n\t\t\t\t\t<div class=\"e-con-inner\">\n\t\t\t\t<div data-image-effect=\"on_swap\" data-image-effect-scale=\"0\" data-image-effect-strength=\"40\" data-image-effect-displacement=\"https:\/\/grms.interratechnology.com\/wp-content\/uploads\/2025\/01\/cropped-interra_logo_turkuaz_mini.png\" data-image-effect-swap-image=\"https:\/\/interratechnology.at\/hotel\/wp-content\/uploads\/2025\/02\/hvac-first.png\" class=\"elementor-element elementor-element-b2dda89 trx_addons_image_effects_on_swap elementor-widget elementor-widget-image\" data-id=\"b2dda89\" data-element_type=\"widget\" data-widget_type=\"image.default\">\n\t\t\t\t\t\t\t\t\t\t\t\t\t\t\t<img fetchpriority=\"high\" decoding=\"async\" width=\"1792\" height=\"1024\" src=\"https:\/\/interratechnology.at\/hotel\/wp-content\/uploads\/2025\/02\/hvac-firstfoto.png\" class=\"attachment-full size-full wp-image-1939\" alt=\"\" srcset=\"https:\/\/interratechnology.at\/hotel\/wp-content\/uploads\/2025\/02\/hvac-firstfoto.png 1792w, https:\/\/interratechnology.at\/hotel\/wp-content\/uploads\/2025\/02\/hvac-firstfoto-730x417.png 730w, https:\/\/interratechnology.at\/hotel\/wp-content\/uploads\/2025\/02\/hvac-firstfoto-300x171.png 300w, https:\/\/interratechnology.at\/hotel\/wp-content\/uploads\/2025\/02\/hvac-firstfoto-1024x585.png 1024w, https:\/\/interratechnology.at\/hotel\/wp-content\/uploads\/2025\/02\/hvac-firstfoto-768x439.png 768w, https:\/\/interratechnology.at\/hotel\/wp-content\/uploads\/2025\/02\/hvac-firstfoto-1536x878.png 1536w, https:\/\/interratechnology.at\/hotel\/wp-content\/uploads\/2025\/02\/hvac-firstfoto-370x211.png 370w, https:\/\/interratechnology.at\/hotel\/wp-content\/uploads\/2025\/02\/hvac-firstfoto-840x480.png 840w, https:\/\/interratechnology.at\/hotel\/wp-content\/uploads\/2025\/02\/hvac-firstfoto-410x234.png 410w\" sizes=\"(max-width: 1792px) 100vw, 1792px\" \/>\t\t\t\t\t\t\t\t\t\t\t\t\t\t\t<\/div>\n\t\t\t\t\t<\/div>\n\t\t\t\t<\/div>\n\t\t\t\t<section class=\"elementor-section elementor-top-section elementor-element elementor-element-4896d9ec elementor-section-boxed elementor-section-height-default elementor-section-height-default sc_fly_static\" data-id=\"4896d9ec\" data-element_type=\"section\" data-settings=\"{&quot;background_background&quot;:&quot;classic&quot;}\">\n\t\t\t\t\t\t<div class=\"elementor-container elementor-column-gap-extended\">\n\t\t\t\t\t<div data-animation-type=\"block\" class=\"elementor-column elementor-col-33 elementor-top-column elementor-element elementor-element-7a0d1ae3 sc_layouts_column_align_center sc_layouts_column animated-slow sc_content_align_inherit sc_layouts_column_icons_position_left animation_type_block sc_fly_static elementor-invisible\" data-id=\"7a0d1ae3\" data-element_type=\"column\" data-settings=\"{&quot;animation&quot;:&quot;fadeInLeft&quot;}\">\n\t\t\t<div class=\"elementor-widget-wrap elementor-element-populated\">\n\t\t\t\t\t\t<div class=\"elementor-element elementor-element-54617872 elementor-widget elementor-widget-spacer\" data-id=\"54617872\" data-element_type=\"widget\" data-widget_type=\"spacer.default\">\n\t\t\t\t\t\t\t<div class=\"elementor-spacer\">\n\t\t\t<div class=\"elementor-spacer-inner\"><\/div>\n\t\t<\/div>\n\t\t\t\t\t\t<\/div>\n\t\t\t\t<div data-animation-type=\"block\" class=\"elementor-element elementor-element-797696e5 elementor-invisible elementor-widget elementor-widget-heading\" data-id=\"797696e5\" data-element_type=\"widget\" data-settings=\"{&quot;_animation&quot;:&quot;fadeInLeft&quot;}\" data-widget_type=\"heading.default\">\n\t\t\t\t\t<h6 class=\"elementor-heading-title elementor-size-default\">Pr\u00e4senzbasierte Klimasteuerung<\/h6>\t\t\t\t<\/div>\n\t\t\t\t<div class=\"elementor-element elementor-element-4fcf9cc5 elementor-widget elementor-widget-spacer\" data-id=\"4fcf9cc5\" data-element_type=\"widget\" data-widget_type=\"spacer.default\">\n\t\t\t\t\t\t\t<div class=\"elementor-spacer\">\n\t\t\t<div class=\"elementor-spacer-inner\"><\/div>\n\t\t<\/div>\n\t\t\t\t\t\t<\/div>\n\t\t\t\t<div class=\"elementor-element elementor-element-1d0f031e elementor-widget elementor-widget-text-editor\" data-id=\"1d0f031e\" data-element_type=\"widget\" data-widget_type=\"text-editor.default\">\n\t\t\t\t\t\t\t\t\t<p>Interras <strong>Multi-Pr\u00e4senzsensoren<\/strong> erkennen die Belegung in Echtzeit und passen das HLK\u00a0System automatisch an.<\/p><ul><li><strong>Schaltet die Klimaanlage automatisch ab, wenn der Raum unbesetzt ist<\/strong>, um Energieverschwendung zu vermeiden.<\/li><li><strong>Gew\u00e4hrleistet optimale Temperatur<\/strong>, wenn G\u00e4ste anwesend sind.<\/li><li><strong>Nahtlose Integration mit GRMS- und KNX-basierter Automatisierung<\/strong>.<\/li><\/ul>\t\t\t\t\t\t\t\t<\/div>\n\t\t\t\t\t<\/div>\n\t\t<\/div>\n\t\t\t\t<div data-animation-type=\"block\" class=\"elementor-column elementor-col-33 elementor-top-column elementor-element elementor-element-2a1b65ee sc_layouts_column_align_center sc_layouts_column animated-slow sc_content_align_inherit sc_layouts_column_icons_position_left animation_type_block sc_fly_static elementor-invisible\" data-id=\"2a1b65ee\" data-element_type=\"column\" data-settings=\"{&quot;animation&quot;:&quot;fadeInLeft&quot;}\">\n\t\t\t<div class=\"elementor-widget-wrap elementor-element-populated\">\n\t\t\t\t\t\t<div class=\"elementor-element elementor-element-7a989607 elementor-widget elementor-widget-spacer\" data-id=\"7a989607\" data-element_type=\"widget\" data-widget_type=\"spacer.default\">\n\t\t\t\t\t\t\t<div class=\"elementor-spacer\">\n\t\t\t<div class=\"elementor-spacer-inner\"><\/div>\n\t\t<\/div>\n\t\t\t\t\t\t<\/div>\n\t\t\t\t<div data-animation-type=\"block\" class=\"elementor-element elementor-element-7bcf97f7 elementor-invisible elementor-widget elementor-widget-heading\" data-id=\"7bcf97f7\" data-element_type=\"widget\" data-settings=\"{&quot;_animation&quot;:&quot;fadeInLeft&quot;}\" data-widget_type=\"heading.default\">\n\t\t\t\t\t<h6 class=\"elementor-heading-title elementor-size-default\">Integrierter Thermostat f\u00fcr pr\u00e4zises Temperaturmanagement<\/h6>\t\t\t\t<\/div>\n\t\t\t\t<div class=\"elementor-element elementor-element-3ea37ee4 elementor-widget elementor-widget-spacer\" data-id=\"3ea37ee4\" data-element_type=\"widget\" data-widget_type=\"spacer.default\">\n\t\t\t\t\t\t\t<div class=\"elementor-spacer\">\n\t\t\t<div class=\"elementor-spacer-inner\"><\/div>\n\t\t<\/div>\n\t\t\t\t\t\t<\/div>\n\t\t\t\t<div class=\"elementor-element elementor-element-1a31604 elementor-widget elementor-widget-text-editor\" data-id=\"1a31604\" data-element_type=\"widget\" data-widget_type=\"text-editor.default\">\n\t\t\t\t\t\t\t\t\t<p>Die Interra KNX Sensoren verf\u00fcgen \u00fcber eine <strong>integrierte Temperaturmessung<\/strong> und fungieren als <strong>intelligenter Thermostat<\/strong> zur Steuerung der Heizungs-, L\u00fcftungs- und Klimaanlagen.<\/p><ul><li><strong>Echtzeit-Temperatur\u00fcberwachung<\/strong> f\u00fcr maximalen Komfort.<\/li><li><strong>Automatische Anpassung von Heizung und K\u00fchlung<\/strong> basierend auf Belegung und Wetterbedingungen.<\/li><li><strong>Vordefinierte Komforteinstellungen<\/strong> f\u00fcr unterschiedliche Tageszeiten.<\/li><\/ul>\t\t\t\t\t\t\t\t<\/div>\n\t\t\t\t\t<\/div>\n\t\t<\/div>\n\t\t\t\t<div data-animation-type=\"block\" class=\"elementor-column elementor-col-33 elementor-top-column elementor-element elementor-element-327aadb sc_layouts_column_align_center sc_layouts_column animated-slow sc_content_align_inherit sc_layouts_column_icons_position_left animation_type_block sc_fly_static elementor-invisible\" data-id=\"327aadb\" data-element_type=\"column\" data-settings=\"{&quot;animation&quot;:&quot;fadeInLeft&quot;}\">\n\t\t\t<div class=\"elementor-widget-wrap elementor-element-populated\">\n\t\t\t\t\t\t<div class=\"elementor-element elementor-element-6e652a62 elementor-widget elementor-widget-spacer\" data-id=\"6e652a62\" data-element_type=\"widget\" data-widget_type=\"spacer.default\">\n\t\t\t\t\t\t\t<div class=\"elementor-spacer\">\n\t\t\t<div class=\"elementor-spacer-inner\"><\/div>\n\t\t<\/div>\n\t\t\t\t\t\t<\/div>\n\t\t\t\t<div data-animation-type=\"block\" class=\"elementor-element elementor-element-70f41308 elementor-invisible elementor-widget elementor-widget-heading\" data-id=\"70f41308\" data-element_type=\"widget\" data-settings=\"{&quot;_animation&quot;:&quot;fadeInLeft&quot;}\" data-widget_type=\"heading.default\">\n\t\t\t\t\t<h6 class=\"elementor-heading-title elementor-size-default\">Intelligente Steuerung von L\u00fcftung und Ventilation<\/h6>\t\t\t\t<\/div>\n\t\t\t\t<div class=\"elementor-element elementor-element-51a68ee0 elementor-widget elementor-widget-spacer\" data-id=\"51a68ee0\" data-element_type=\"widget\" data-widget_type=\"spacer.default\">\n\t\t\t\t\t\t\t<div class=\"elementor-spacer\">\n\t\t\t<div class=\"elementor-spacer-inner\"><\/div>\n\t\t<\/div>\n\t\t\t\t\t\t<\/div>\n\t\t\t\t<div class=\"elementor-element elementor-element-53b985a0 elementor-widget elementor-widget-text-editor\" data-id=\"53b985a0\" data-element_type=\"widget\" data-widget_type=\"text-editor.default\">\n\t\t\t\t\t\t\t\t\t<p>Die HLK Automation von Interra optimiert die <strong>Luftqualit\u00e4t und Luftzirkulation<\/strong> in G\u00e4stezimmern und Gemeinschaftsbereichen.<\/p><ul><li><strong>Passt die L\u00fcftergeschwindigkeit basierend auf Raumtemperatur und Belegung an.<\/strong><\/li><li><strong>Automatisierte Frischluftzufuhr<\/strong> f\u00fcr ges\u00fcndere Innenr\u00e4ume.<\/li><li><strong>Reduziert Ger\u00e4uschpegel und steigert die Energieeffizienz.<\/strong><\/li><\/ul>\t\t\t\t\t\t\t\t<\/div>\n\t\t\t\t\t<\/div>\n\t\t<\/div>\n\t\t\t\t\t<\/div>\n\t\t<\/section>\n\t\t<div class=\"elementor-element elementor-element-73b3f66a e-flex e-con-boxed sc_layouts_column_icons_position_left e-con e-parent\" data-id=\"73b3f66a\" data-element_type=\"container\">\n\t\t\t\t\t<div class=\"e-con-inner\">\n\t\t\t\t<div class=\"elementor-element elementor-element-4b2cfa26 elementor-widget elementor-widget-spacer\" data-id=\"4b2cfa26\" data-element_type=\"widget\" data-widget_type=\"spacer.default\">\n\t\t\t\t\t\t\t<div class=\"elementor-spacer\">\n\t\t\t<div class=\"elementor-spacer-inner\"><\/div>\n\t\t<\/div>\n\t\t\t\t\t\t<\/div>\n\t\t\t\t\t<\/div>\n\t\t\t\t<\/div>\n\t\t\t\t<section class=\"elementor-section elementor-top-section elementor-element elementor-element-5b53fc46 elementor-section-boxed elementor-section-height-default elementor-section-height-default sc_fly_static\" data-id=\"5b53fc46\" data-element_type=\"section\" data-settings=\"{&quot;background_background&quot;:&quot;classic&quot;}\">\n\t\t\t\t\t\t<div class=\"elementor-container elementor-column-gap-extended\">\n\t\t\t\t\t<div data-animation-type=\"block\" class=\"elementor-column elementor-col-33 elementor-top-column elementor-element elementor-element-3657ad62 sc_layouts_column_align_center sc_layouts_column animated-slow sc_content_align_inherit sc_layouts_column_icons_position_left animation_type_block sc_fly_static elementor-invisible\" data-id=\"3657ad62\" data-element_type=\"column\" data-settings=\"{&quot;animation&quot;:&quot;fadeInLeft&quot;}\">\n\t\t\t<div class=\"elementor-widget-wrap elementor-element-populated\">\n\t\t\t\t\t\t<div class=\"elementor-element elementor-element-31231378 elementor-widget elementor-widget-spacer\" data-id=\"31231378\" data-element_type=\"widget\" data-widget_type=\"spacer.default\">\n\t\t\t\t\t\t\t<div class=\"elementor-spacer\">\n\t\t\t<div class=\"elementor-spacer-inner\"><\/div>\n\t\t<\/div>\n\t\t\t\t\t\t<\/div>\n\t\t\t\t<div data-animation-type=\"block\" class=\"elementor-element elementor-element-2f556cd0 elementor-invisible elementor-widget elementor-widget-heading\" data-id=\"2f556cd0\" data-element_type=\"widget\" data-settings=\"{&quot;_animation&quot;:&quot;fadeInLeft&quot;}\" data-widget_type=\"heading.default\">\n\t\t\t\t\t<h6 class=\"elementor-heading-title elementor-size-default\">Fenster- und T\u00fcrintegration zur Steigerung der Energieeffizienz<\/h6>\t\t\t\t<\/div>\n\t\t\t\t<div class=\"elementor-element elementor-element-27fb163b elementor-widget elementor-widget-spacer\" data-id=\"27fb163b\" data-element_type=\"widget\" data-widget_type=\"spacer.default\">\n\t\t\t\t\t\t\t<div class=\"elementor-spacer\">\n\t\t\t<div class=\"elementor-spacer-inner\"><\/div>\n\t\t<\/div>\n\t\t\t\t\t\t<\/div>\n\t\t\t\t<div class=\"elementor-element elementor-element-610eb645 elementor-widget elementor-widget-text-editor\" data-id=\"610eb645\" data-element_type=\"widget\" data-widget_type=\"text-editor.default\">\n\t\t\t\t\t\t\t\t\tInterra GRMS sorgt daf\u00fcr, dass <strong>HLK-Systeme auf den Status von Fenstern und T\u00fcren reagieren<\/strong>, um Energieverluste zu verhindern.\n\n<ul>  \n  <li><strong>Schaltet die Klimaanlage automatisch ab, wenn Fenster ge\u00f6ffnet sind.<\/strong><\/li>  \n  <li><strong>Verhindert \u00fcberm\u00e4\u00dfiges Heizen oder K\u00fchlen, wenn die T\u00fcr offensteht.<\/strong><\/li>  \n  <li><strong>Maximiert Energieeinsparungen bei gleichbleibendem G\u00e4stekomfort.<\/strong><\/li>  \n<\/ul>\n\t\t\t\t\t\t\t\t<\/div>\n\t\t\t\t\t<\/div>\n\t\t<\/div>\n\t\t\t\t<div data-animation-type=\"block\" class=\"elementor-column elementor-col-33 elementor-top-column elementor-element elementor-element-6da02b9a sc_layouts_column_align_center sc_layouts_column animated-slow sc_content_align_inherit sc_layouts_column_icons_position_left animation_type_block sc_fly_static elementor-invisible\" data-id=\"6da02b9a\" data-element_type=\"column\" data-settings=\"{&quot;animation&quot;:&quot;fadeInLeft&quot;}\">\n\t\t\t<div class=\"elementor-widget-wrap elementor-element-populated\">\n\t\t\t\t\t\t<div class=\"elementor-element elementor-element-6287ad04 elementor-widget elementor-widget-spacer\" data-id=\"6287ad04\" data-element_type=\"widget\" data-widget_type=\"spacer.default\">\n\t\t\t\t\t\t\t<div class=\"elementor-spacer\">\n\t\t\t<div class=\"elementor-spacer-inner\"><\/div>\n\t\t<\/div>\n\t\t\t\t\t\t<\/div>\n\t\t\t\t<div data-animation-type=\"block\" class=\"elementor-element elementor-element-1333c92 elementor-invisible elementor-widget elementor-widget-heading\" data-id=\"1333c92\" data-element_type=\"widget\" data-settings=\"{&quot;_animation&quot;:&quot;fadeInLeft&quot;}\" data-widget_type=\"heading.default\">\n\t\t\t\t\t<h6 class=\"elementor-heading-title elementor-size-default\">Intelligente energieeffiziente HVAC-Szenarien<\/h6>\t\t\t\t<\/div>\n\t\t\t\t<div class=\"elementor-element elementor-element-3d58f1b3 elementor-widget elementor-widget-spacer\" data-id=\"3d58f1b3\" data-element_type=\"widget\" data-widget_type=\"spacer.default\">\n\t\t\t\t\t\t\t<div class=\"elementor-spacer\">\n\t\t\t<div class=\"elementor-spacer-inner\"><\/div>\n\t\t<\/div>\n\t\t\t\t\t\t<\/div>\n\t\t\t\t<div class=\"elementor-element elementor-element-43779cd9 elementor-widget elementor-widget-text-editor\" data-id=\"43779cd9\" data-element_type=\"widget\" data-widget_type=\"text-editor.default\">\n\t\t\t\t\t\t\t\t\tHotels k\u00f6nnen mit der intelligenten HLK-Automation von Interra <strong>individuelle Energiesparmodi<\/strong> erstellen.\n\n<ul>  \n  <li><strong>Eco-Modus:<\/strong> Reduziert den Energieverbrauch, wenn das Zimmer unbesetzt ist.<\/li>  \n  <li><strong>Komfort-Modus:<\/strong> Stellt die ideale Temperatur vor Ankunft der G\u00e4ste sicher.<\/li>  \n  <li><strong>Nachtmodus:<\/strong> Passt die Temperatur f\u00fcr optimalen Schlafkomfort an.<\/li>  \n<\/ul>\n\t\t\t\t\t\t\t\t<\/div>\n\t\t\t\t\t<\/div>\n\t\t<\/div>\n\t\t\t\t<div data-animation-type=\"block\" class=\"elementor-column elementor-col-33 elementor-top-column elementor-element elementor-element-6ee60fb8 sc_layouts_column_align_center sc_layouts_column animated-slow sc_content_align_inherit sc_layouts_column_icons_position_left animation_type_block sc_fly_static elementor-invisible\" data-id=\"6ee60fb8\" data-element_type=\"column\" data-settings=\"{&quot;animation&quot;:&quot;fadeInLeft&quot;}\">\n\t\t\t<div class=\"elementor-widget-wrap elementor-element-populated\">\n\t\t\t\t\t\t<div class=\"elementor-element elementor-element-7b2ec350 elementor-widget elementor-widget-spacer\" data-id=\"7b2ec350\" data-element_type=\"widget\" data-widget_type=\"spacer.default\">\n\t\t\t\t\t\t\t<div class=\"elementor-spacer\">\n\t\t\t<div class=\"elementor-spacer-inner\"><\/div>\n\t\t<\/div>\n\t\t\t\t\t\t<\/div>\n\t\t\t\t\t<\/div>\n\t\t<\/div>\n\t\t\t\t\t<\/div>\n\t\t<\/section>\n\t\t\t\t<\/div>\n\t\t","protected":false},"excerpt":{"rendered":"<p>Interra GRMS \u2013 Intelligente HLK L\u00f6sungen Intelligente Klimasteuerung f\u00fcr maximalen Komfort und Energieeffizienz Heizungs-, L\u00fcftungs- und Klimaanlagen (HLK) sind f\u00fcr den G\u00e4stekomfort in Hotels unverzichtbar. Interra GRMS Smart HLK L\u00f6sungen&hellip;<\/p>\n","protected":false},"author":1,"featured_media":0,"parent":0,"menu_order":0,"comment_status":"closed","ping_status":"closed","template":"elementor_header_footer","meta":{"footnotes":""},"class_list":["post-1718","page","type-page","status-publish","hentry"],"_links":{"self":[{"href":"https:\/\/interratechnology.at\/hotel\/wp-json\/wp\/v2\/pages\/1718","targetHints":{"allow":["GET"]}}],"collection":[{"href":"https:\/\/interratechnology.at\/hotel\/wp-json\/wp\/v2\/pages"}],"about":[{"href":"https:\/\/interratechnology.at\/hotel\/wp-json\/wp\/v2\/types\/page"}],"author":[{"embeddable":true,"href":"https:\/\/interratechnology.at\/hotel\/wp-json\/wp\/v2\/users\/1"}],"replies":[{"embeddable":true,"href":"https:\/\/interratechnology.at\/hotel\/wp-json\/wp\/v2\/comments?post=1718"}],"version-history":[{"count":10,"href":"https:\/\/interratechnology.at\/hotel\/wp-json\/wp\/v2\/pages\/1718\/revisions"}],"predecessor-version":[{"id":11676,"href":"https:\/\/interratechnology.at\/hotel\/wp-json\/wp\/v2\/pages\/1718\/revisions\/11676"}],"wp:attachment":[{"href":"https:\/\/interratechnology.at\/hotel\/wp-json\/wp\/v2\/media?parent=1718"}],"curies":[{"name":"wp","href":"https:\/\/api.w.org\/{rel}","templated":true}]}}