{"id":11344,"date":"2025-03-11T16:44:46","date_gmt":"2025-03-11T13:44:46","guid":{"rendered":"https:\/\/grms.interratechnology.com\/?page_id=11344"},"modified":"2025-07-15T02:20:56","modified_gmt":"2025-07-15T00:20:56","slug":"ix2-knx-touch-panel","status":"publish","type":"page","link":"https:\/\/interratechnology.at\/hotel\/ix2-knx-touch-panel\/","title":{"rendered":"iX2 KNX Touch Panel"},"content":{"rendered":"\t\t<div data-elementor-type=\"wp-page\" data-elementor-id=\"11344\" class=\"elementor elementor-11344\">\n\t\t\t\t<div class=\"elementor-element elementor-element-d2afaa2 e-flex e-con-boxed sc_layouts_column_icons_position_left e-con e-parent\" data-id=\"d2afaa2\" data-element_type=\"container\" data-settings=\"{&quot;background_background&quot;:&quot;classic&quot;}\">\n\t\t\t\t\t<div class=\"e-con-inner\">\n\t\t<div class=\"elementor-element elementor-element-6be4fffa e-grid e-con-full sc_layouts_column_icons_position_left e-con e-child\" data-id=\"6be4fffa\" data-element_type=\"container\">\n\t\t\t\t<div data-animation-type=\"block\" class=\"elementor-element elementor-element-45fcb3f8 elementor-invisible elementor-widget elementor-widget-heading\" data-id=\"45fcb3f8\" data-element_type=\"widget\" data-settings=\"{&quot;_animation&quot;:&quot;fadeInDown&quot;}\" data-widget_type=\"heading.default\">\n\t\t\t\t\t<h2 class=\"elementor-heading-title elementor-size-default\">iX2 KNX Touch Panel<\/h2>\t\t\t\t<\/div>\n\t\t\t\t<div data-animation-type=\"block\" class=\"elementor-element elementor-element-3a904564 elementor-invisible elementor-widget elementor-widget-heading\" data-id=\"3a904564\" data-element_type=\"widget\" data-settings=\"{&quot;_animation&quot;:&quot;fadeInDown&quot;}\" data-widget_type=\"heading.default\">\n\t\t\t\t\t<h2 class=\"elementor-heading-title elementor-size-default\">Die perfekte Wahl f\u00fcr intelligente Wohnr\u00e4ume.\n\n\n\n\n\n\n\n\n<\/h2>\t\t\t\t<\/div>\n\t\t\t\t<\/div>\n\t\t\t\t\t<\/div>\n\t\t\t\t<\/div>\n\t\t<div class=\"elementor-element elementor-element-426582f8 e-flex e-con-boxed sc_layouts_column_icons_position_left e-con e-parent\" data-id=\"426582f8\" data-element_type=\"container\" data-settings=\"{&quot;background_background&quot;:&quot;classic&quot;}\">\n\t\t\t\t\t<div class=\"e-con-inner\">\n\t\t\t\t<div class=\"elementor-element elementor-element-8ed17f5 elementor-widget elementor-widget-spacer\" data-id=\"8ed17f5\" data-element_type=\"widget\" data-widget_type=\"spacer.default\">\n\t\t\t\t\t\t\t<div class=\"elementor-spacer\">\n\t\t\t<div class=\"elementor-spacer-inner\"><\/div>\n\t\t<\/div>\n\t\t\t\t\t\t<\/div>\n\t\t\t\t<div data-animation-type=\"block\" class=\"elementor-element elementor-element-1b09720e animated-slow elementor-invisible elementor-widget elementor-widget-image\" data-id=\"1b09720e\" data-element_type=\"widget\" data-settings=\"{&quot;_animation&quot;:&quot;fadeInUp&quot;}\" data-widget_type=\"image.default\">\n\t\t\t\t\t\t\t\t\t\t\t\t\t\t\t<img fetchpriority=\"high\" decoding=\"async\" width=\"1811\" height=\"2560\" src=\"https:\/\/interratechnology.at\/hotel\/wp-content\/uploads\/2025\/07\/Sayfa7_2-scaled.png\" class=\"attachment-full size-full wp-image-11704\" alt=\"\" srcset=\"https:\/\/interratechnology.at\/hotel\/wp-content\/uploads\/2025\/07\/Sayfa7_2-scaled.png 1811w, https:\/\/interratechnology.at\/hotel\/wp-content\/uploads\/2025\/07\/Sayfa7_2-212x300.png 212w, https:\/\/interratechnology.at\/hotel\/wp-content\/uploads\/2025\/07\/Sayfa7_2-724x1024.png 724w, https:\/\/interratechnology.at\/hotel\/wp-content\/uploads\/2025\/07\/Sayfa7_2-768x1086.png 768w, https:\/\/interratechnology.at\/hotel\/wp-content\/uploads\/2025\/07\/Sayfa7_2-1086x1536.png 1086w, https:\/\/interratechnology.at\/hotel\/wp-content\/uploads\/2025\/07\/Sayfa7_2-1448x2048.png 1448w, https:\/\/interratechnology.at\/hotel\/wp-content\/uploads\/2025\/07\/Sayfa7_2-370x523.png 370w, https:\/\/interratechnology.at\/hotel\/wp-content\/uploads\/2025\/07\/Sayfa7_2-840x1188.png 840w, https:\/\/interratechnology.at\/hotel\/wp-content\/uploads\/2025\/07\/Sayfa7_2-410x580.png 410w\" sizes=\"(max-width: 1811px) 100vw, 1811px\" \/>\t\t\t\t\t\t\t\t\t\t\t\t\t\t\t<\/div>\n\t\t<div class=\"elementor-element elementor-element-ef77a69 e-con-full e-flex sc_layouts_column_icons_position_left e-con e-child\" data-id=\"ef77a69\" data-element_type=\"container\" data-settings=\"{&quot;background_background&quot;:&quot;classic&quot;}\">\n\t\t\t\t<div data-animation-type=\"block\" class=\"elementor-element elementor-element-24cb2788 animated-slow elementor-invisible elementor-widget elementor-widget-image\" data-id=\"24cb2788\" data-element_type=\"widget\" data-settings=\"{&quot;_animation&quot;:&quot;fadeInUp&quot;}\" data-widget_type=\"image.default\">\n\t\t\t\t\t\t\t\t\t\t\t\t\t\t\t<img decoding=\"async\" width=\"1811\" height=\"2560\" src=\"https:\/\/interratechnology.at\/hotel\/wp-content\/uploads\/2025\/07\/Sayfa7-scaled.png\" class=\"attachment-full size-full wp-image-11705\" alt=\"\" srcset=\"https:\/\/interratechnology.at\/hotel\/wp-content\/uploads\/2025\/07\/Sayfa7-scaled.png 1811w, https:\/\/interratechnology.at\/hotel\/wp-content\/uploads\/2025\/07\/Sayfa7-212x300.png 212w, https:\/\/interratechnology.at\/hotel\/wp-content\/uploads\/2025\/07\/Sayfa7-724x1024.png 724w, https:\/\/interratechnology.at\/hotel\/wp-content\/uploads\/2025\/07\/Sayfa7-768x1086.png 768w, https:\/\/interratechnology.at\/hotel\/wp-content\/uploads\/2025\/07\/Sayfa7-1086x1536.png 1086w, https:\/\/interratechnology.at\/hotel\/wp-content\/uploads\/2025\/07\/Sayfa7-1448x2048.png 1448w, https:\/\/interratechnology.at\/hotel\/wp-content\/uploads\/2025\/07\/Sayfa7-370x523.png 370w, https:\/\/interratechnology.at\/hotel\/wp-content\/uploads\/2025\/07\/Sayfa7-840x1188.png 840w, https:\/\/interratechnology.at\/hotel\/wp-content\/uploads\/2025\/07\/Sayfa7-410x580.png 410w\" sizes=\"(max-width: 1811px) 100vw, 1811px\" \/>\t\t\t\t\t\t\t\t\t\t\t\t\t\t\t<\/div>\n\t\t\t\t<\/div>\n\t\t\t\t\t<\/div>\n\t\t\t\t<\/div>\n\t\t\t\t<section class=\"elementor-section elementor-top-section elementor-element elementor-element-6e01f9eb elementor-section-boxed elementor-section-height-default elementor-section-height-default sc_fly_static\" data-id=\"6e01f9eb\" data-element_type=\"section\" data-settings=\"{&quot;background_background&quot;:&quot;classic&quot;}\">\n\t\t\t\t\t\t<div class=\"elementor-container elementor-column-gap-extended\">\n\t\t\t\t\t<div class=\"elementor-column elementor-col-100 elementor-top-column elementor-element elementor-element-65798506 sc_layouts_column_align_center sc_layouts_column sc_content_align_inherit sc_layouts_column_icons_position_left sc_fly_static\" data-id=\"65798506\" data-element_type=\"column\">\n\t\t\t<div class=\"elementor-widget-wrap elementor-element-populated\">\n\t\t\t\t\t\t<div class=\"elementor-element elementor-element-7a4c2cf9 elementor-widget__width-initial sc_fly_static elementor-widget elementor-widget-trx_sc_title\" data-id=\"7a4c2cf9\" data-element_type=\"widget\" data-widget_type=\"trx_sc_title.default\">\n\t\t\t\t<div class=\"elementor-widget-container\">\n\t\t\t\t\t<div\t\tclass=\"sc_title sc_title_default\" ><span class=\"sc_item_subtitle sc_title_subtitle sc_item_subtitle_above sc_item_title_style_default sc_item_subtitle_with_custom_color trx_addons_inline_1032645941\">Unsere L\u00f6sungskompetenz<\/span><h2 class=\"sc_item_title sc_title_title sc_item_title_style_default trx_addons_inline_1119016338 sc_typed\"\n\t\t\t><span class=\"sc_item_title_text\">iX2 Touch Panel \u2013 intelligent vernetzt mit <span class=\"sc_typed_entry trx_addons_inline_961851976\" data-strings=\"[&quot;Beleuchtungssteuerung&quot;,&quot;HLK-Systeme (Heizung, L\\u00fcftung, Klima)&quot;,&quot;Energiemanagement&quot;]\" data-loop=\"1\" data-cursor=\"0\" data-cursor-char=\"_\" data-speed=\"6\" data-delay=\"1\">Beleuchtungssteuerung<\/span>\n<\/span><\/h2><\/div>\t\t\t\t<\/div>\n\t\t\t\t<\/div>\n\t\t\t\t<div class=\"elementor-element elementor-element-747b0d14 elementor-widget elementor-widget-spacer\" data-id=\"747b0d14\" data-element_type=\"widget\" data-widget_type=\"spacer.default\">\n\t\t\t\t\t\t\t<div class=\"elementor-spacer\">\n\t\t\t<div class=\"elementor-spacer-inner\"><\/div>\n\t\t<\/div>\n\t\t\t\t\t\t<\/div>\n\t\t\t\t<div class=\"elementor-element elementor-element-988abf8 sc_height_small elementor-widget elementor-widget-spacer\" data-id=\"988abf8\" data-element_type=\"widget\" data-widget_type=\"spacer.default\">\n\t\t\t\t\t\t\t<div class=\"elementor-spacer\">\n\t\t\t<div class=\"elementor-spacer-inner\"><\/div>\n\t\t<\/div>\n\t\t\t\t\t\t<\/div>\n\t\t\t\t\t<\/div>\n\t\t<\/div>\n\t\t\t\t\t<\/div>\n\t\t<\/section>\n\t\t\t\t<section class=\"elementor-section elementor-top-section elementor-element elementor-element-1d6be111 elementor-section-full_width elementor-section-height-default elementor-section-height-default sc_fly_static\" data-id=\"1d6be111\" data-element_type=\"section\" data-settings=\"{&quot;background_background&quot;:&quot;classic&quot;}\">\n\t\t\t\t\t\t<div class=\"elementor-container elementor-column-gap-no\">\n\t\t\t\t\t<div class=\"elementor-column elementor-col-100 elementor-top-column elementor-element elementor-element-56f57270 sc_content_align_inherit sc_layouts_column_icons_position_left sc_fly_static\" data-id=\"56f57270\" data-element_type=\"column\">\n\t\t\t<div class=\"elementor-widget-wrap elementor-element-populated\">\n\t\t\t\t\t\t<div class=\"elementor-element elementor-element-23713f79 sc_layouts_hide_on_tablet sc_layouts_hide_on_mobile elementor-widget elementor-widget-spacer\" data-id=\"23713f79\" data-element_type=\"widget\" data-widget_type=\"spacer.default\">\n\t\t\t\t\t\t\t<div class=\"elementor-spacer\">\n\t\t\t<div class=\"elementor-spacer-inner\"><\/div>\n\t\t<\/div>\n\t\t\t\t\t\t<\/div>\n\t\t\t\t\t<\/div>\n\t\t<\/div>\n\t\t\t\t\t<\/div>\n\t\t<\/section>\n\t\t\t\t<section class=\"elementor-section elementor-top-section elementor-element elementor-element-5e50527 elementor-section-full_width elementor-section-height-default elementor-section-height-default sc_fly_static\" data-id=\"5e50527\" data-element_type=\"section\" data-settings=\"{&quot;background_background&quot;:&quot;classic&quot;}\">\n\t\t\t\t\t\t<div class=\"elementor-container elementor-column-gap-no\">\n\t\t\t\t\t<div class=\"elementor-column elementor-col-50 elementor-top-column elementor-element elementor-element-3504091c sc-mobile_inner_width_none sc_content_align_inherit sc_layouts_column_icons_position_left sc_fly_static\" data-id=\"3504091c\" data-element_type=\"column\">\n\t\t\t<div class=\"elementor-widget-wrap elementor-element-populated\">\n\t\t\t\t\t\t<div class=\"elementor-element elementor-element-50a80725 elementor-widget elementor-widget-image\" data-id=\"50a80725\" data-element_type=\"widget\" data-widget_type=\"image.default\">\n\t\t\t\t\t\t\t\t\t\t\t\t\t\t\t<img decoding=\"async\" width=\"1024\" height=\"683\" src=\"https:\/\/interratechnology.at\/hotel\/wp-content\/uploads\/2025\/02\/ix2.png\" class=\"attachment-full size-full wp-image-2007\" alt=\"\" srcset=\"https:\/\/interratechnology.at\/hotel\/wp-content\/uploads\/2025\/02\/ix2.png 1024w, https:\/\/interratechnology.at\/hotel\/wp-content\/uploads\/2025\/02\/ix2-730x487.png 730w, https:\/\/interratechnology.at\/hotel\/wp-content\/uploads\/2025\/02\/ix2-300x200.png 300w, https:\/\/interratechnology.at\/hotel\/wp-content\/uploads\/2025\/02\/ix2-768x512.png 768w, https:\/\/interratechnology.at\/hotel\/wp-content\/uploads\/2025\/02\/ix2-370x247.png 370w, https:\/\/interratechnology.at\/hotel\/wp-content\/uploads\/2025\/02\/ix2-840x560.png 840w, https:\/\/interratechnology.at\/hotel\/wp-content\/uploads\/2025\/02\/ix2-410x273.png 410w\" sizes=\"(max-width: 1024px) 100vw, 1024px\" \/>\t\t\t\t\t\t\t\t\t\t\t\t\t\t\t<\/div>\n\t\t\t\t\t<\/div>\n\t\t<\/div>\n\t\t\t\t<div class=\"elementor-column elementor-col-50 elementor-top-column elementor-element elementor-element-6dad513e sc-tablet_inner_width_none sc_inner_width_1_2 sc_content_align_inherit sc_layouts_column_icons_position_left sc_fly_static\" data-id=\"6dad513e\" data-element_type=\"column\">\n\t\t\t<div class=\"elementor-widget-wrap elementor-element-populated\">\n\t\t\t\t\t\t<div class=\"elementor-element elementor-element-688a4017 sc_fly_static elementor-widget elementor-widget-trx_sc_title\" data-id=\"688a4017\" data-element_type=\"widget\" data-widget_type=\"trx_sc_title.default\">\n\t\t\t\t<div class=\"elementor-widget-container\">\n\t\t\t\t\t<div\t\tclass=\"sc_title sc_title_default\" ><span class=\"sc_item_subtitle sc_title_subtitle sc_item_subtitle_above sc_item_title_style_default sc_item_subtitle_with_custom_color trx_addons_inline_173693937\">iX2 Vorteile<\/span><h1 class=\"sc_item_title sc_title_title sc_item_title_style_default sc_item_title_tag trx_addons_inline_691859609\"\n\t\t\t><span class=\"sc_item_title_text\">Warum das iX2 Touch Panel  die richtige Wahl ist<\/span><\/h1><\/div>\t\t\t\t<\/div>\n\t\t\t\t<\/div>\n\t\t\t\t<div class=\"elementor-element elementor-element-22ca35cb elementor-widget elementor-widget-spacer\" data-id=\"22ca35cb\" data-element_type=\"widget\" data-widget_type=\"spacer.default\">\n\t\t\t\t\t\t\t<div class=\"elementor-spacer\">\n\t\t\t<div class=\"elementor-spacer-inner\"><\/div>\n\t\t<\/div>\n\t\t\t\t\t\t<\/div>\n\t\t\t\t<div class=\"elementor-element elementor-element-2887c5c elementor-widget-divider--view-line elementor-widget elementor-widget-divider\" data-id=\"2887c5c\" data-element_type=\"widget\" data-widget_type=\"divider.default\">\n\t\t\t\t\t\t\t<div class=\"elementor-divider\">\n\t\t\t<span class=\"elementor-divider-separator\">\n\t\t\t\t\t\t<\/span>\n\t\t<\/div>\n\t\t\t\t\t\t<\/div>\n\t\t\t\t<div class=\"elementor-element elementor-element-2fa3ea1 bordered elementor-widget elementor-widget-accordion\" data-id=\"2fa3ea1\" data-element_type=\"widget\" data-widget_type=\"accordion.default\">\n\t\t\t\t\t\t\t<div class=\"elementor-accordion\">\n\t\t\t\t\t\t\t<div class=\"elementor-accordion-item\">\n\t\t\t\t\t<h5 id=\"elementor-tab-title-4991\" class=\"elementor-tab-title\" data-tab=\"1\" role=\"button\" aria-controls=\"elementor-tab-content-4991\" aria-expanded=\"false\">\n\t\t\t\t\t\t\t\t\t\t\t\t\t<span class=\"elementor-accordion-icon elementor-accordion-icon-right\" aria-hidden=\"true\">\n\t\t\t\t\t\t\t\t\t\t\t\t\t\t\t<span class=\"elementor-accordion-icon-closed\"><\/span>\n\t\t\t\t\t\t\t\t<span class=\"elementor-accordion-icon-opened\"><\/span>\n\t\t\t\t\t\t\t\t\t\t\t\t\t\t<\/span>\n\t\t\t\t\t\t\t\t\t\t\t\t<a class=\"elementor-accordion-title\" tabindex=\"0\">Modernes und stilvolles Design<\/a>\n\t\t\t\t\t<\/h5>\n\t\t\t\t\t<div id=\"elementor-tab-content-4991\" class=\"elementor-tab-content elementor-clearfix\" data-tab=\"1\" role=\"region\" aria-labelledby=\"elementor-tab-title-4991\"><p>Interra iX2 \u00fcberzeugt mit einer eleganten Glasoberfl\u00e4che und einem hochaufl\u00f6senden Touchscreen \u2013 eine perfekte Kombination aus Stil und Funktionalit\u00e4t.<\/p><\/div>\n\t\t\t\t<\/div>\n\t\t\t\t\t\t\t<div class=\"elementor-accordion-item\">\n\t\t\t\t\t<h5 id=\"elementor-tab-title-4992\" class=\"elementor-tab-title\" data-tab=\"2\" role=\"button\" aria-controls=\"elementor-tab-content-4992\" aria-expanded=\"false\">\n\t\t\t\t\t\t\t\t\t\t\t\t\t<span class=\"elementor-accordion-icon elementor-accordion-icon-right\" aria-hidden=\"true\">\n\t\t\t\t\t\t\t\t\t\t\t\t\t\t\t<span class=\"elementor-accordion-icon-closed\"><\/span>\n\t\t\t\t\t\t\t\t<span class=\"elementor-accordion-icon-opened\"><\/span>\n\t\t\t\t\t\t\t\t\t\t\t\t\t\t<\/span>\n\t\t\t\t\t\t\t\t\t\t\t\t<a class=\"elementor-accordion-title\" tabindex=\"0\">Intelligente und effiziente Steuerung<\/a>\n\t\t\t\t\t<\/h5>\n\t\t\t\t\t<div id=\"elementor-tab-content-4992\" class=\"elementor-tab-content elementor-clearfix\" data-tab=\"2\" role=\"region\" aria-labelledby=\"elementor-tab-title-4992\"><p>Mit vollst\u00e4ndiger KNX Kompatibilit\u00e4t und einer intuitiven Benutzeroberfl\u00e4che erm\u00f6glicht iX2 eine nahtlose Steuerung von Beleuchtung, Klima und Sicherheit.<\/p><\/div>\n\t\t\t\t<\/div>\n\t\t\t\t\t\t\t<div class=\"elementor-accordion-item\">\n\t\t\t\t\t<h5 id=\"elementor-tab-title-4993\" class=\"elementor-tab-title\" data-tab=\"3\" role=\"button\" aria-controls=\"elementor-tab-content-4993\" aria-expanded=\"false\">\n\t\t\t\t\t\t\t\t\t\t\t\t\t<span class=\"elementor-accordion-icon elementor-accordion-icon-right\" aria-hidden=\"true\">\n\t\t\t\t\t\t\t\t\t\t\t\t\t\t\t<span class=\"elementor-accordion-icon-closed\"><\/span>\n\t\t\t\t\t\t\t\t<span class=\"elementor-accordion-icon-opened\"><\/span>\n\t\t\t\t\t\t\t\t\t\t\t\t\t\t<\/span>\n\t\t\t\t\t\t\t\t\t\t\t\t<a class=\"elementor-accordion-title\" tabindex=\"0\">Zuverl\u00e4ssig und zukunftsorientiert<\/a>\n\t\t\t\t\t<\/h5>\n\t\t\t\t\t<div id=\"elementor-tab-content-4993\" class=\"elementor-tab-content elementor-clearfix\" data-tab=\"3\" role=\"region\" aria-labelledby=\"elementor-tab-title-4993\"><p>F\u00fcr eine langfristige Nutzung entwickelt, bietet iX2 Touch Panel eine schnelle Verarbeitung, regelm\u00e4\u00dfige Updates und flexible Integration f\u00fcr sich wandelnde smarte Umgebungen.<\/p><\/div>\n\t\t\t\t<\/div>\n\t\t\t\t\t\t\t\t<\/div>\n\t\t\t\t\t\t<\/div>\n\t\t\t\t<div class=\"elementor-element elementor-element-260d4a18 elementor-widget-divider--view-line elementor-widget elementor-widget-divider\" data-id=\"260d4a18\" data-element_type=\"widget\" data-widget_type=\"divider.default\">\n\t\t\t\t\t\t\t<div class=\"elementor-divider\">\n\t\t\t<span class=\"elementor-divider-separator\">\n\t\t\t\t\t\t<\/span>\n\t\t<\/div>\n\t\t\t\t\t\t<\/div>\n\t\t\t\t\t<\/div>\n\t\t<\/div>\n\t\t\t\t\t<\/div>\n\t\t<\/section>\n\t\t<div class=\"elementor-element elementor-element-44df6f13 e-flex e-con-boxed sc_layouts_column_icons_position_left e-con e-parent\" data-id=\"44df6f13\" data-element_type=\"container\" data-settings=\"{&quot;background_background&quot;:&quot;classic&quot;}\">\n\t\t\t\t\t<div class=\"e-con-inner\">\n\t\t\t\t<div class=\"elementor-element elementor-element-78496e10 elementor-widget elementor-widget-spacer\" data-id=\"78496e10\" data-element_type=\"widget\" data-widget_type=\"spacer.default\">\n\t\t\t\t\t\t\t<div class=\"elementor-spacer\">\n\t\t\t<div class=\"elementor-spacer-inner\"><\/div>\n\t\t<\/div>\n\t\t\t\t\t\t<\/div>\n\t\t\t\t\t<\/div>\n\t\t\t\t<\/div>\n\t\t\t\t<\/div>\n\t\t","protected":false},"excerpt":{"rendered":"<p>iX2 KNX Touch Panel Die perfekte Wahl f\u00fcr intelligente Wohnr\u00e4ume. Unsere L\u00f6sungskompetenz iX2 Touch Panel \u2013 intelligent vernetzt mit Beleuchtungssteuerung iX2 Vorteile Warum das iX2 Touch Panel die richtige Wahl&hellip;<\/p>\n","protected":false},"author":1,"featured_media":0,"parent":0,"menu_order":0,"comment_status":"closed","ping_status":"closed","template":"elementor_header_footer","meta":{"footnotes":""},"class_list":["post-11344","page","type-page","status-publish","hentry"],"_links":{"self":[{"href":"https:\/\/interratechnology.at\/hotel\/wp-json\/wp\/v2\/pages\/11344","targetHints":{"allow":["GET"]}}],"collection":[{"href":"https:\/\/interratechnology.at\/hotel\/wp-json\/wp\/v2\/pages"}],"about":[{"href":"https:\/\/interratechnology.at\/hotel\/wp-json\/wp\/v2\/types\/page"}],"author":[{"embeddable":true,"href":"https:\/\/interratechnology.at\/hotel\/wp-json\/wp\/v2\/users\/1"}],"replies":[{"embeddable":true,"href":"https:\/\/interratechnology.at\/hotel\/wp-json\/wp\/v2\/comments?post=11344"}],"version-history":[{"count":15,"href":"https:\/\/interratechnology.at\/hotel\/wp-json\/wp\/v2\/pages\/11344\/revisions"}],"predecessor-version":[{"id":11708,"href":"https:\/\/interratechnology.at\/hotel\/wp-json\/wp\/v2\/pages\/11344\/revisions\/11708"}],"wp:attachment":[{"href":"https:\/\/interratechnology.at\/hotel\/wp-json\/wp\/v2\/media?parent=11344"}],"curies":[{"name":"wp","href":"https:\/\/api.w.org\/{rel}","templated":true}]}}