{"id":11321,"date":"2025-03-11T14:29:54","date_gmt":"2025-03-11T11:29:54","guid":{"rendered":"https:\/\/grms.interratechnology.com\/?page_id=11321"},"modified":"2025-07-15T02:08:42","modified_gmt":"2025-07-15T00:08:42","slug":"ix3-knx-touch-panel","status":"publish","type":"page","link":"https:\/\/interratechnology.at\/hotel\/ix3-knx-touch-panel\/","title":{"rendered":"iX3 KNX Touch Panel"},"content":{"rendered":"\t\t<div data-elementor-type=\"wp-page\" data-elementor-id=\"11321\" class=\"elementor elementor-11321\">\n\t\t\t\t<div class=\"elementor-element elementor-element-6910a394 e-flex e-con-boxed sc_layouts_column_icons_position_left e-con e-parent\" data-id=\"6910a394\" data-element_type=\"container\" data-settings=\"{&quot;background_background&quot;:&quot;classic&quot;}\">\n\t\t\t\t\t<div class=\"e-con-inner\">\n\t\t<div class=\"elementor-element elementor-element-28b49f97 e-grid e-con-full sc_layouts_column_icons_position_left e-con e-child\" data-id=\"28b49f97\" data-element_type=\"container\">\n\t\t\t\t<div data-animation-type=\"block\" class=\"elementor-element elementor-element-6aa9efa elementor-invisible elementor-widget elementor-widget-heading\" data-id=\"6aa9efa\" data-element_type=\"widget\" data-settings=\"{&quot;_animation&quot;:&quot;fadeInDown&quot;}\" data-widget_type=\"heading.default\">\n\t\t\t\t\t<h2 class=\"elementor-heading-title elementor-size-default\">iX3 KNX Touch Panel<\/h2>\t\t\t\t<\/div>\n\t\t\t\t<div data-animation-type=\"block\" class=\"elementor-element elementor-element-133321bb elementor-invisible elementor-widget elementor-widget-heading\" data-id=\"133321bb\" data-element_type=\"widget\" data-settings=\"{&quot;_animation&quot;:&quot;fadeInDown&quot;}\" data-widget_type=\"heading.default\">\n\t\t\t\t\t<h2 class=\"elementor-heading-title elementor-size-default\">Eleganz, Technologie und Komfort in einem!\n\n\n\n\n\n\n\n\n<\/h2>\t\t\t\t<\/div>\n\t\t\t\t<\/div>\n\t\t\t\t\t<\/div>\n\t\t\t\t<\/div>\n\t\t<div class=\"elementor-element elementor-element-6c8173ef e-flex e-con-boxed sc_layouts_column_icons_position_left e-con e-parent\" data-id=\"6c8173ef\" data-element_type=\"container\" data-settings=\"{&quot;background_background&quot;:&quot;classic&quot;}\">\n\t\t\t\t\t<div class=\"e-con-inner\">\n\t\t\t\t<div data-animation-type=\"block\" class=\"elementor-element elementor-element-3ee14bc animated-slow elementor-invisible elementor-widget elementor-widget-image\" data-id=\"3ee14bc\" data-element_type=\"widget\" data-settings=\"{&quot;_animation&quot;:&quot;fadeInUp&quot;}\" data-widget_type=\"image.default\">\n\t\t\t\t\t\t\t\t\t\t\t\t\t\t\t<img fetchpriority=\"high\" decoding=\"async\" width=\"1811\" height=\"2560\" src=\"https:\/\/interratechnology.at\/hotel\/wp-content\/uploads\/2025\/07\/Sayfa6_2-scaled.png\" class=\"attachment-full size-full wp-image-11693\" alt=\"\" srcset=\"https:\/\/interratechnology.at\/hotel\/wp-content\/uploads\/2025\/07\/Sayfa6_2-scaled.png 1811w, https:\/\/interratechnology.at\/hotel\/wp-content\/uploads\/2025\/07\/Sayfa6_2-212x300.png 212w, https:\/\/interratechnology.at\/hotel\/wp-content\/uploads\/2025\/07\/Sayfa6_2-724x1024.png 724w, https:\/\/interratechnology.at\/hotel\/wp-content\/uploads\/2025\/07\/Sayfa6_2-768x1086.png 768w, https:\/\/interratechnology.at\/hotel\/wp-content\/uploads\/2025\/07\/Sayfa6_2-1086x1536.png 1086w, https:\/\/interratechnology.at\/hotel\/wp-content\/uploads\/2025\/07\/Sayfa6_2-1448x2048.png 1448w, https:\/\/interratechnology.at\/hotel\/wp-content\/uploads\/2025\/07\/Sayfa6_2-370x523.png 370w, https:\/\/interratechnology.at\/hotel\/wp-content\/uploads\/2025\/07\/Sayfa6_2-840x1188.png 840w, https:\/\/interratechnology.at\/hotel\/wp-content\/uploads\/2025\/07\/Sayfa6_2-410x580.png 410w\" sizes=\"(max-width: 1811px) 100vw, 1811px\" \/>\t\t\t\t\t\t\t\t\t\t\t\t\t\t\t<\/div>\n\t\t<div class=\"elementor-element elementor-element-223f1e7e e-con-full e-flex sc_layouts_column_icons_position_left e-con e-child\" data-id=\"223f1e7e\" data-element_type=\"container\" data-settings=\"{&quot;background_background&quot;:&quot;classic&quot;}\">\n\t\t\t\t<div data-animation-type=\"block\" class=\"elementor-element elementor-element-8ba719d animated-slow elementor-invisible elementor-widget elementor-widget-image\" data-id=\"8ba719d\" data-element_type=\"widget\" data-settings=\"{&quot;_animation&quot;:&quot;fadeInUp&quot;}\" data-widget_type=\"image.default\">\n\t\t\t\t\t\t\t\t\t\t\t\t\t\t\t<img decoding=\"async\" width=\"1811\" height=\"2560\" src=\"https:\/\/interratechnology.at\/hotel\/wp-content\/uploads\/2025\/07\/Sayfa6-scaled.png\" class=\"attachment-full size-full wp-image-11694\" alt=\"\" srcset=\"https:\/\/interratechnology.at\/hotel\/wp-content\/uploads\/2025\/07\/Sayfa6-scaled.png 1811w, https:\/\/interratechnology.at\/hotel\/wp-content\/uploads\/2025\/07\/Sayfa6-212x300.png 212w, https:\/\/interratechnology.at\/hotel\/wp-content\/uploads\/2025\/07\/Sayfa6-724x1024.png 724w, https:\/\/interratechnology.at\/hotel\/wp-content\/uploads\/2025\/07\/Sayfa6-768x1086.png 768w, https:\/\/interratechnology.at\/hotel\/wp-content\/uploads\/2025\/07\/Sayfa6-1086x1536.png 1086w\" sizes=\"(max-width: 1811px) 100vw, 1811px\" \/>\t\t\t\t\t\t\t\t\t\t\t\t\t\t\t<\/div>\n\t\t\t\t<\/div>\n\t\t\t\t\t<\/div>\n\t\t\t\t<\/div>\n\t\t\t\t<section class=\"elementor-section elementor-top-section elementor-element elementor-element-3bf86e3f elementor-section-boxed elementor-section-height-default elementor-section-height-default sc_fly_static\" data-id=\"3bf86e3f\" data-element_type=\"section\" data-settings=\"{&quot;background_background&quot;:&quot;classic&quot;}\">\n\t\t\t\t\t\t<div class=\"elementor-container elementor-column-gap-extended\">\n\t\t\t\t\t<div class=\"elementor-column elementor-col-100 elementor-top-column elementor-element elementor-element-1e92cf3d sc_layouts_column_align_center sc_layouts_column sc_content_align_inherit sc_layouts_column_icons_position_left sc_fly_static\" data-id=\"1e92cf3d\" data-element_type=\"column\">\n\t\t\t<div class=\"elementor-widget-wrap elementor-element-populated\">\n\t\t\t\t\t\t<div class=\"elementor-element elementor-element-ad9e386 elementor-widget__width-initial sc_fly_static elementor-widget elementor-widget-trx_sc_title\" data-id=\"ad9e386\" data-element_type=\"widget\" data-widget_type=\"trx_sc_title.default\">\n\t\t\t\t<div class=\"elementor-widget-container\">\n\t\t\t\t\t<div\t\tclass=\"sc_title sc_title_default\" ><span class=\"sc_item_subtitle sc_title_subtitle sc_item_subtitle_above sc_item_title_style_default sc_item_subtitle_with_custom_color trx_addons_inline_386446512\">Unsere L\u00f6sungskompetenz<\/span><h2 class=\"sc_item_title sc_title_title sc_item_title_style_default trx_addons_inline_1532642399 sc_typed\"\n\t\t\t><span class=\"sc_item_title_text\">iX3 Touch Panel \u2013 intelligent vernetzt mit <span class=\"sc_typed_entry trx_addons_inline_274808094\" data-strings=\"[&quot;Beleuchtungssteuerung&quot;,&quot;HLK-Systeme (Heizung, L\\u00fcftung, Klima)&quot;,&quot;Energiemanagement&quot;]\" data-loop=\"1\" data-cursor=\"0\" data-cursor-char=\"_\" data-speed=\"6\" data-delay=\"1\">Beleuchtungssteuerung<\/span>\n<\/span><\/h2><\/div>\t\t\t\t<\/div>\n\t\t\t\t<\/div>\n\t\t\t\t<div class=\"elementor-element elementor-element-1b962bc7 elementor-widget elementor-widget-spacer\" data-id=\"1b962bc7\" data-element_type=\"widget\" data-widget_type=\"spacer.default\">\n\t\t\t\t\t\t\t<div class=\"elementor-spacer\">\n\t\t\t<div class=\"elementor-spacer-inner\"><\/div>\n\t\t<\/div>\n\t\t\t\t\t\t<\/div>\n\t\t\t\t<div class=\"elementor-element elementor-element-a968c01 sc_height_small elementor-widget elementor-widget-spacer\" data-id=\"a968c01\" data-element_type=\"widget\" data-widget_type=\"spacer.default\">\n\t\t\t\t\t\t\t<div class=\"elementor-spacer\">\n\t\t\t<div class=\"elementor-spacer-inner\"><\/div>\n\t\t<\/div>\n\t\t\t\t\t\t<\/div>\n\t\t\t\t\t<\/div>\n\t\t<\/div>\n\t\t\t\t\t<\/div>\n\t\t<\/section>\n\t\t\t\t<section class=\"elementor-section elementor-top-section elementor-element elementor-element-3481ab1a elementor-section-full_width elementor-section-height-default elementor-section-height-default sc_fly_static\" data-id=\"3481ab1a\" data-element_type=\"section\" data-settings=\"{&quot;background_background&quot;:&quot;classic&quot;}\">\n\t\t\t\t\t\t<div class=\"elementor-container elementor-column-gap-no\">\n\t\t\t\t\t<div class=\"elementor-column elementor-col-100 elementor-top-column elementor-element elementor-element-50a9d3f1 sc_content_align_inherit sc_layouts_column_icons_position_left sc_fly_static\" data-id=\"50a9d3f1\" data-element_type=\"column\">\n\t\t\t<div class=\"elementor-widget-wrap elementor-element-populated\">\n\t\t\t\t\t\t<div class=\"elementor-element elementor-element-3d89b1d1 sc_layouts_hide_on_tablet sc_layouts_hide_on_mobile elementor-widget elementor-widget-spacer\" data-id=\"3d89b1d1\" data-element_type=\"widget\" data-widget_type=\"spacer.default\">\n\t\t\t\t\t\t\t<div class=\"elementor-spacer\">\n\t\t\t<div class=\"elementor-spacer-inner\"><\/div>\n\t\t<\/div>\n\t\t\t\t\t\t<\/div>\n\t\t\t\t\t<\/div>\n\t\t<\/div>\n\t\t\t\t\t<\/div>\n\t\t<\/section>\n\t\t\t\t<section class=\"elementor-section elementor-top-section elementor-element elementor-element-709aba70 elementor-section-full_width elementor-section-height-default elementor-section-height-default sc_fly_static\" data-id=\"709aba70\" data-element_type=\"section\" data-settings=\"{&quot;background_background&quot;:&quot;classic&quot;}\">\n\t\t\t\t\t\t<div class=\"elementor-container elementor-column-gap-no\">\n\t\t\t\t\t<div class=\"elementor-column elementor-col-50 elementor-top-column elementor-element elementor-element-3644ec1f sc-mobile_inner_width_none sc_content_align_inherit sc_layouts_column_icons_position_left sc_fly_static\" data-id=\"3644ec1f\" data-element_type=\"column\">\n\t\t\t<div class=\"elementor-widget-wrap elementor-element-populated\">\n\t\t\t\t\t\t<div class=\"elementor-element elementor-element-6c6f8441 elementor-widget elementor-widget-image\" data-id=\"6c6f8441\" data-element_type=\"widget\" data-widget_type=\"image.default\">\n\t\t\t\t\t\t\t\t\t\t\t\t\t\t\t<img decoding=\"async\" width=\"1024\" height=\"683\" src=\"https:\/\/interratechnology.at\/hotel\/wp-content\/uploads\/2025\/02\/ix3.png\" class=\"attachment-full size-full wp-image-2008\" alt=\"\" srcset=\"https:\/\/interratechnology.at\/hotel\/wp-content\/uploads\/2025\/02\/ix3.png 1024w, https:\/\/interratechnology.at\/hotel\/wp-content\/uploads\/2025\/02\/ix3-730x487.png 730w, https:\/\/interratechnology.at\/hotel\/wp-content\/uploads\/2025\/02\/ix3-300x200.png 300w, https:\/\/interratechnology.at\/hotel\/wp-content\/uploads\/2025\/02\/ix3-768x512.png 768w, https:\/\/interratechnology.at\/hotel\/wp-content\/uploads\/2025\/02\/ix3-370x247.png 370w, https:\/\/interratechnology.at\/hotel\/wp-content\/uploads\/2025\/02\/ix3-840x560.png 840w, https:\/\/interratechnology.at\/hotel\/wp-content\/uploads\/2025\/02\/ix3-410x273.png 410w\" sizes=\"(max-width: 1024px) 100vw, 1024px\" \/>\t\t\t\t\t\t\t\t\t\t\t\t\t\t\t<\/div>\n\t\t\t\t\t<\/div>\n\t\t<\/div>\n\t\t\t\t<div class=\"elementor-column elementor-col-50 elementor-top-column elementor-element elementor-element-a8b95a0 sc-tablet_inner_width_none sc_inner_width_1_2 sc_content_align_inherit sc_layouts_column_icons_position_left sc_fly_static\" data-id=\"a8b95a0\" data-element_type=\"column\">\n\t\t\t<div class=\"elementor-widget-wrap elementor-element-populated\">\n\t\t\t\t\t\t<div class=\"elementor-element elementor-element-24eee40 sc_fly_static elementor-widget elementor-widget-trx_sc_title\" data-id=\"24eee40\" data-element_type=\"widget\" data-widget_type=\"trx_sc_title.default\">\n\t\t\t\t<div class=\"elementor-widget-container\">\n\t\t\t\t\t<div\t\tclass=\"sc_title sc_title_default\" ><span class=\"sc_item_subtitle sc_title_subtitle sc_item_subtitle_above sc_item_title_style_default sc_item_subtitle_with_custom_color trx_addons_inline_914757405\">iX3 Touch Panel Vorteile<\/span><h1 class=\"sc_item_title sc_title_title sc_item_title_style_default sc_item_title_tag trx_addons_inline_1651072765\"\n\t\t\t><span class=\"sc_item_title_text\">Warum das iX3 Touch Panel  die richtige Wahl ist<\/span><\/h1><\/div>\t\t\t\t<\/div>\n\t\t\t\t<\/div>\n\t\t\t\t<div class=\"elementor-element elementor-element-643847fb elementor-widget elementor-widget-spacer\" data-id=\"643847fb\" data-element_type=\"widget\" data-widget_type=\"spacer.default\">\n\t\t\t\t\t\t\t<div class=\"elementor-spacer\">\n\t\t\t<div class=\"elementor-spacer-inner\"><\/div>\n\t\t<\/div>\n\t\t\t\t\t\t<\/div>\n\t\t\t\t<div class=\"elementor-element elementor-element-c14ec89 bordered elementor-widget elementor-widget-accordion\" data-id=\"c14ec89\" data-element_type=\"widget\" data-widget_type=\"accordion.default\">\n\t\t\t\t\t\t\t<div class=\"elementor-accordion\">\n\t\t\t\t\t\t\t<div class=\"elementor-accordion-item\">\n\t\t\t\t\t<h5 id=\"elementor-tab-title-2021\" class=\"elementor-tab-title\" data-tab=\"1\" role=\"button\" aria-controls=\"elementor-tab-content-2021\" aria-expanded=\"false\">\n\t\t\t\t\t\t\t\t\t\t\t\t\t<span class=\"elementor-accordion-icon elementor-accordion-icon-right\" aria-hidden=\"true\">\n\t\t\t\t\t\t\t\t\t\t\t\t\t\t\t<span class=\"elementor-accordion-icon-closed\"><\/span>\n\t\t\t\t\t\t\t\t<span class=\"elementor-accordion-icon-opened\"><\/span>\n\t\t\t\t\t\t\t\t\t\t\t\t\t\t<\/span>\n\t\t\t\t\t\t\t\t\t\t\t\t<a class=\"elementor-accordion-title\" tabindex=\"0\">Modernes und stilvolles Design<\/a>\n\t\t\t\t\t<\/h5>\n\t\t\t\t\t<div id=\"elementor-tab-content-2021\" class=\"elementor-tab-content elementor-clearfix\" data-tab=\"1\" role=\"region\" aria-labelledby=\"elementor-tab-title-2021\"><p>Interra iX2 Touch Panel \u00fcberzeugt mit einer eleganten Glasoberfl\u00e4che und einem hochaufl\u00f6senden Touchscreen \u2013 eine perfekte Kombination aus Stil und Funktionalit\u00e4t.<\/p><\/div>\n\t\t\t\t<\/div>\n\t\t\t\t\t\t\t<div class=\"elementor-accordion-item\">\n\t\t\t\t\t<h5 id=\"elementor-tab-title-2022\" class=\"elementor-tab-title\" data-tab=\"2\" role=\"button\" aria-controls=\"elementor-tab-content-2022\" aria-expanded=\"false\">\n\t\t\t\t\t\t\t\t\t\t\t\t\t<span class=\"elementor-accordion-icon elementor-accordion-icon-right\" aria-hidden=\"true\">\n\t\t\t\t\t\t\t\t\t\t\t\t\t\t\t<span class=\"elementor-accordion-icon-closed\"><\/span>\n\t\t\t\t\t\t\t\t<span class=\"elementor-accordion-icon-opened\"><\/span>\n\t\t\t\t\t\t\t\t\t\t\t\t\t\t<\/span>\n\t\t\t\t\t\t\t\t\t\t\t\t<a class=\"elementor-accordion-title\" tabindex=\"0\">Intelligente und effiziente Steuerung<\/a>\n\t\t\t\t\t<\/h5>\n\t\t\t\t\t<div id=\"elementor-tab-content-2022\" class=\"elementor-tab-content elementor-clearfix\" data-tab=\"2\" role=\"region\" aria-labelledby=\"elementor-tab-title-2022\"><p>Mit vollst\u00e4ndiger KNX Kompatibilit\u00e4t und einer intuitiven Benutzeroberfl\u00e4che erm\u00f6glicht iX2 eine nahtlose Steuerung von Beleuchtung, Klima und Sicherheit.<\/p><\/div>\n\t\t\t\t<\/div>\n\t\t\t\t\t\t\t<div class=\"elementor-accordion-item\">\n\t\t\t\t\t<h5 id=\"elementor-tab-title-2023\" class=\"elementor-tab-title\" data-tab=\"3\" role=\"button\" aria-controls=\"elementor-tab-content-2023\" aria-expanded=\"false\">\n\t\t\t\t\t\t\t\t\t\t\t\t\t<span class=\"elementor-accordion-icon elementor-accordion-icon-right\" aria-hidden=\"true\">\n\t\t\t\t\t\t\t\t\t\t\t\t\t\t\t<span class=\"elementor-accordion-icon-closed\"><\/span>\n\t\t\t\t\t\t\t\t<span class=\"elementor-accordion-icon-opened\"><\/span>\n\t\t\t\t\t\t\t\t\t\t\t\t\t\t<\/span>\n\t\t\t\t\t\t\t\t\t\t\t\t<a class=\"elementor-accordion-title\" tabindex=\"0\">Zuverl\u00e4ssig und zukunftsorientiert<\/a>\n\t\t\t\t\t<\/h5>\n\t\t\t\t\t<div id=\"elementor-tab-content-2023\" class=\"elementor-tab-content elementor-clearfix\" data-tab=\"3\" role=\"region\" aria-labelledby=\"elementor-tab-title-2023\"><p>F\u00fcr eine langfristige Nutzung entwickelt, bietet iX2 Touch Panel eine schnelle Verarbeitung, regelm\u00e4\u00dfige Updates und flexible Integration f\u00fcr sich wandelnde smarte Umgebungen.<\/p><\/div>\n\t\t\t\t<\/div>\n\t\t\t\t\t\t\t\t<\/div>\n\t\t\t\t\t\t<\/div>\n\t\t\t\t<div class=\"elementor-element elementor-element-40870feb elementor-widget-divider--view-line elementor-widget elementor-widget-divider\" data-id=\"40870feb\" data-element_type=\"widget\" data-widget_type=\"divider.default\">\n\t\t\t\t\t\t\t<div class=\"elementor-divider\">\n\t\t\t<span class=\"elementor-divider-separator\">\n\t\t\t\t\t\t<\/span>\n\t\t<\/div>\n\t\t\t\t\t\t<\/div>\n\t\t\t\t<div class=\"elementor-element elementor-element-7744b7d5 elementor-widget-divider--view-line elementor-widget elementor-widget-divider\" data-id=\"7744b7d5\" data-element_type=\"widget\" data-widget_type=\"divider.default\">\n\t\t\t\t\t\t\t<div class=\"elementor-divider\">\n\t\t\t<span class=\"elementor-divider-separator\">\n\t\t\t\t\t\t<\/span>\n\t\t<\/div>\n\t\t\t\t\t\t<\/div>\n\t\t\t\t\t<\/div>\n\t\t<\/div>\n\t\t\t\t\t<\/div>\n\t\t<\/section>\n\t\t<div class=\"elementor-element elementor-element-165b681c e-flex e-con-boxed sc_layouts_column_icons_position_left e-con e-parent\" data-id=\"165b681c\" data-element_type=\"container\" data-settings=\"{&quot;background_background&quot;:&quot;classic&quot;}\">\n\t\t\t\t\t<div class=\"e-con-inner\">\n\t\t\t\t<div class=\"elementor-element elementor-element-3b395d5e elementor-widget elementor-widget-spacer\" data-id=\"3b395d5e\" data-element_type=\"widget\" data-widget_type=\"spacer.default\">\n\t\t\t\t\t\t\t<div class=\"elementor-spacer\">\n\t\t\t<div class=\"elementor-spacer-inner\"><\/div>\n\t\t<\/div>\n\t\t\t\t\t\t<\/div>\n\t\t\t\t\t<\/div>\n\t\t\t\t<\/div>\n\t\t\t\t<\/div>\n\t\t","protected":false},"excerpt":{"rendered":"<p>iX3 KNX Touch Panel Eleganz, Technologie und Komfort in einem! Unsere L\u00f6sungskompetenz iX3 Touch Panel \u2013 intelligent vernetzt mit Beleuchtungssteuerung iX3 Touch Panel Vorteile Warum das iX3 Touch Panel die&hellip;<\/p>\n","protected":false},"author":1,"featured_media":0,"parent":0,"menu_order":0,"comment_status":"closed","ping_status":"closed","template":"elementor_header_footer","meta":{"footnotes":""},"class_list":["post-11321","page","type-page","status-publish","hentry"],"_links":{"self":[{"href":"https:\/\/interratechnology.at\/hotel\/wp-json\/wp\/v2\/pages\/11321","targetHints":{"allow":["GET"]}}],"collection":[{"href":"https:\/\/interratechnology.at\/hotel\/wp-json\/wp\/v2\/pages"}],"about":[{"href":"https:\/\/interratechnology.at\/hotel\/wp-json\/wp\/v2\/types\/page"}],"author":[{"embeddable":true,"href":"https:\/\/interratechnology.at\/hotel\/wp-json\/wp\/v2\/users\/1"}],"replies":[{"embeddable":true,"href":"https:\/\/interratechnology.at\/hotel\/wp-json\/wp\/v2\/comments?post=11321"}],"version-history":[{"count":9,"href":"https:\/\/interratechnology.at\/hotel\/wp-json\/wp\/v2\/pages\/11321\/revisions"}],"predecessor-version":[{"id":11703,"href":"https:\/\/interratechnology.at\/hotel\/wp-json\/wp\/v2\/pages\/11321\/revisions\/11703"}],"wp:attachment":[{"href":"https:\/\/interratechnology.at\/hotel\/wp-json\/wp\/v2\/media?parent=11321"}],"curies":[{"name":"wp","href":"https:\/\/api.w.org\/{rel}","templated":true}]}}